{"id":21694,"date":"2014-11-23T09:34:05","date_gmt":"2014-11-23T09:34:05","guid":{"rendered":"http:\/\/demos.artbees.net\/ken\/gym\/?page_id=21694"},"modified":"2025-08-02T17:08:24","modified_gmt":"2025-08-02T20:08:24","slug":"homepage","status":"publish","type":"page","link":"https:\/\/eiengakumondojo.com.br\/main\/","title":{"rendered":"HOME"},"content":{"rendered":"[mk_page_section top_shape_color=&#8221;#ffffff&#8221; bottom_shape_color=&#8221;#ffffff&#8221; bg_image=&#8221;http:\/\/eiengakumondojo.com.br\/main\/wp-content\/uploads\/2014\/11\/2.jpg&#8221; attachment=&#8221;fixed&#8221; bg_position=&#8221;center center&#8221; bg_repeat=&#8221;no-repeat&#8221; bg_stretch=&#8221;true&#8221; parallax=&#8221;true&#8221; bg_video=&#8221;yes&#8221; mp4=&#8221;http:\/\/eiengakumondojo.com.br\/main\/wp-content\/uploads\/2014\/11\/karate-fight.mp4&#8243; webm=&#8221;http:\/\/eiengakumondojo.com.br\/main\/wp-content\/uploads\/2014\/11\/karate-fight.webm&#8221; poster_image=&#8221;http:\/\/eiengakumondojo.com.br\/main\/wp-content\/uploads\/2014\/11\/2.jpg&#8221; color_mask=&#8221;rgba(0,0,0,0.6)&#8221; mask_opacity=&#8221;1&#8243; padding=&#8221;0&#8243; full_height=&#8221;true&#8221; el_class=&#8221;teste&#8221;][vc_column][mk_fancy_title size=&#8221;82&#8243; color=&#8221;#ffffff&#8221; font_weight=&#8221;bold&#8221; text_transform=&#8221;uppercase&#8221; font_family=&#8221;none&#8221; margin_bottom=&#8221;20&#8243; align=&#8221;center&#8221;]Eien Gakumon Dojo[\/mk_fancy_title][mk_fancy_title size=&#8221;25&#8243; color=&#8221;#ffffff&#8221; font_weight=&#8221;500&#8243; text_transform=&#8221;uppercase&#8221; font_family=&#8221;none&#8221; margin_bottom=&#8221;20&#8243; align=&#8221;center&#8221;]Respeito, Sinceridade, Esfor\u00e7o, Responsabilidade e Alegria[\/mk_fancy_title][\/vc_column][\/mk_page_section][vc_row][vc_column][mk_padding_divider size=&#8221;120&#8243;][\/vc_column][\/vc_row][vc_row][vc_column][mk_fancy_title size=&#8221;30&#8243; color=&#8221;#bbbbbb&#8221; font_weight=&#8221;bold&#8221; font_family=&#8221;Dosis&#8221; font_type=&#8221;google&#8221; align=&#8221;center&#8221;]MODALIDADES OFERECIDAS[\/mk_fancy_title][mk_divider divider_color=&#8221;#313131&#8243; divider_width=&#8221;custom_width&#8221; custom_width=&#8221;65&#8243; thickness=&#8221;4&#8243; margin_top=&#8221;10&#8243; margin_bottom=&#8221;80&#8243;][\/vc_column][\/vc_row][vc_row][vc_column width=&#8221;1\/2&#8243;][mk_image src=&#8221;http:\/\/eiengakumondojo.com.br\/main\/wp-content\/uploads\/2014\/11\/karate-treino.png&#8221; image_height=&#8221;230&#8243; crop=&#8221;false&#8221; hover=&#8221;false&#8221; custom_url=&#8221;http:\/\/eiengakumondojo.com.br\/main\/karatedo\/&#8221; target=&#8221;_blank&#8221; align=&#8221;center&#8221; group=&#8221;_general&#8221;][vc_column_text]\n<div style=\"font-size: 16px; color: #3263ad; line-height: 26px; font-weight: normal; text-align: center;\">O KARAT\u00ca-DO \u00e9 uma arte marcial japonesa que utiliza, de forma equilibrada, todas as partes do corpo humano, para defesas e contra-ataques, atrav\u00e9s de movimentos firmes e potentes. O praticante de Karat\u00ea-do \u00e9 chamado &#8220;karate-do-ka&#8221;.<\/div>\n[\/vc_column_text][mk_padding_divider size=&#8221;20&#8243;][\/vc_column][vc_column width=&#8221;1\/2&#8243;][mk_image src=&#8221;http:\/\/eiengakumondojo.com.br\/main\/wp-content\/uploads\/2014\/11\/kobudo-treino.png&#8221; image_height=&#8221;230&#8243; crop=&#8221;false&#8221; hover=&#8221;false&#8221; custom_url=&#8221;http:\/\/eiengakumondojo.com.br\/main\/kobudo\/&#8221; target=&#8221;_blank&#8221; align=&#8221;center&#8221; group=&#8221;_general&#8221;][vc_column_text]\n<div style=\"font-size: 16px; color: #ad3232; line-height: 26px; font-weight: normal; text-align: center;\">O termo KOBUDO significa &#8220;arte marcial antiga&#8221;. Refere-se \u00e0s tradi\u00e7\u00f5es guerreiras do Jap\u00e3o feudal, na utiliza\u00e7\u00e3o de armas, ocultas na forma de utens\u00edlios agr\u00edcolas, buscando a defesa de suas propriedades e de suas fam\u00edlias.<\/div>\n[\/vc_column_text][mk_padding_divider size=&#8221;20&#8243;][\/vc_column][\/vc_row][vc_row][vc_column][mk_padding_divider size=&#8221;140&#8243;][\/vc_column][\/vc_row][mk_page_section bg_image=&#8221;http:\/\/eiengakumondojo.com.br\/main\/wp-content\/uploads\/2014\/11\/6.jpg&#8221; attachment=&#8221;fixed&#8221; bg_position=&#8221;center center&#8221; bg_repeat=&#8221;no-repeat&#8221; bg_stretch=&#8221;true&#8221; parallax=&#8221;true&#8221; color_mask=&#8221;rgba(0,0,0,0.7)&#8221; mask_opacity=&#8221;0.5&#8243; padding=&#8221;200&#8243;][vc_column][mk_padding_divider size=&#8221;100&#8243;][mk_fancy_title size=&#8221;82&#8243; color=&#8221;#ffffff&#8221; font_weight=&#8221;bold&#8221; text_transform=&#8221;uppercase&#8221; font_family=&#8221;none&#8221; margin_bottom=&#8221;20&#8243; align=&#8221;center&#8221;]vem treinar com a gente![\/mk_fancy_title][mk_padding_divider size=&#8221;60&#8243;][vc_row_inner][vc_column_inner width=&#8221;1\/3&#8243;][mk_milestone style=&#8221;modern&#8221; stop=&#8221;320&#8243; speed=&#8221;4000&#8243; number_size=&#8221;60&#8243; icon=&#8221;mk-li-users&#8221; icon_size=&#8221;48&#8243; color=&#8221;#41c7df&#8221; text_icon_color=&#8221;#41c7df&#8221;][mk_fancy_title size=&#8221;12&#8243; line_height=&#8221;18&#8243; color=&#8221;#a9a9aa&#8221; font_weight=&#8221;bold&#8221; text_transform=&#8221;capitalize&#8221; font_family=&#8221;Bitter&#8221; font_type=&#8221;google&#8221; margin_top=&#8221;0&#8243; align=&#8221;center&#8221;]ALUNOS[\/mk_fancy_title][\/vc_column_inner][vc_column_inner width=&#8221;1\/3&#8243;][mk_milestone style=&#8221;modern&#8221; stop=&#8221;300&#8243; speed=&#8221;4000&#8243; number_size=&#8221;60&#8243; icon=&#8221;mk-icon-drivers-license-o&#8221; icon_size=&#8221;48&#8243; color=&#8221;#4048dd&#8221; text_icon_color=&#8221;#4048dd&#8221;][mk_fancy_title size=&#8221;12&#8243; line_height=&#8221;18&#8243; color=&#8221;#a9a9aa&#8221; font_weight=&#8221;bold&#8221; text_transform=&#8221;capitalize&#8221; font_family=&#8221;Bitter&#8221; font_type=&#8221;google&#8221; margin_top=&#8221;0&#8243; align=&#8221;center&#8221;]CERTIFICADOS[\/mk_fancy_title][\/vc_column_inner][vc_column_inner width=&#8221;1\/3&#8243;][mk_milestone style=&#8221;modern&#8221; stop=&#8221;4000&#8243; speed=&#8221;4000&#8243; number_size=&#8221;60&#8243; icon=&#8221;mk-icon-calendar-check-o&#8221; icon_size=&#8221;48&#8243; color=&#8221;#7841e0&#8243; text_icon_color=&#8221;#7841e0&#8243;][mk_fancy_title size=&#8221;12&#8243; line_height=&#8221;18&#8243; color=&#8221;#a9a9aa&#8221; font_weight=&#8221;bold&#8221; text_transform=&#8221;capitalize&#8221; font_family=&#8221;Bitter&#8221; font_type=&#8221;google&#8221; margin_top=&#8221;0&#8243; align=&#8221;center&#8221;]DIAS FUNCIONANDO[\/mk_fancy_title][\/vc_column_inner][\/vc_row_inner][mk_padding_divider size=&#8221;120&#8243;][\/vc_column][\/mk_page_section][vc_row][vc_column][mk_padding_divider size=&#8221;180&#8243;][\/vc_column][\/vc_row][vc_row][vc_column][mk_fancy_title size=&#8221;30&#8243; color=&#8221;#999999&#8243; font_weight=&#8221;bold&#8221; font_family=&#8221;Dosis&#8221; font_type=&#8221;google&#8221; align=&#8221;center&#8221;]MAS QUEM PODE PRATICAR?[\/mk_fancy_title][mk_divider divider_color=&#8221;#313131&#8243; divider_width=&#8221;custom_width&#8221; custom_width=&#8221;65&#8243; thickness=&#8221;4&#8243; margin_top=&#8221;10&#8243; margin_bottom=&#8221;90&#8243;][\/vc_column][\/vc_row][vc_row][vc_column width=&#8221;1\/3&#8243;][mk_image_box title=&#8221;HOMENS, MULHERES E CRIAN\u00c7AS&#8221; src=&#8221;http:\/\/eiengakumondojo.com.br\/main\/wp-content\/uploads\/2014\/11\/criancas.jpg&#8221; media_width=&#8221;310&#8243; media_height=&#8221;390&#8243; crop=&#8221;false&#8221; image_link=&#8221;url&#8221; bg_color=&#8221;#1e1a1a&#8221; border_color=&#8221;#343434&#8243; text_color=&#8221;#524747&#8243; title_color=&#8221;#9e605b&#8221; title_text_transform=&#8221;capitalize&#8221; rounded_corner=&#8221;true&#8221; animation=&#8221;fade-in&#8221;]Ao longo dos anos as Artes Marciais foram levemente adaptadas para que pudessem ser praticadas por quase todas as pessoas que buscam uma forma de MELHORAR em todos os sentidos.[\/mk_image_box][mk_padding_divider size=&#8221;20&#8243;][\/vc_column][vc_column width=&#8221;1\/3&#8243;][mk_image_box title=&#8221;TODOS COM IDADE ENTRE 05 E 80 ANOS&#8221; src=&#8221;http:\/\/eiengakumondojo.com.br\/main\/wp-content\/uploads\/2014\/11\/homem-mulher.jpg&#8221; media_width=&#8221;310&#8243; media_height=&#8221;390&#8243; crop=&#8221;false&#8221; image_link=&#8221;url&#8221; bg_color=&#8221;#1a1d1f&#8221; border_color=&#8221;#343434&#8243; text_color=&#8221;#414b51&#8243; title_color=&#8221;#54b3ea&#8221; title_text_transform=&#8221;capitalize&#8221; rounded_corner=&#8221;true&#8221; animation=&#8221;fade-in&#8221;]Sim, se voc\u00ea est\u00e1 dentro desta faixa et\u00e1ria voc\u00ea DEVE praticar exerc\u00edcios f\u00edsicos e mentais regularmente e a artes marciais proporcionam o equil\u00edbrio perfeito entre corpo e mente.[\/mk_image_box][mk_padding_divider size=&#8221;20&#8243;][\/vc_column][vc_column width=&#8221;1\/3&#8243;][mk_image_box title=&#8221;BUSCA POR QUALIDADE DE VIDA&#8221; src=&#8221;http:\/\/eiengakumondojo.com.br\/main\/wp-content\/uploads\/2014\/11\/idosos.jpg&#8221; media_width=&#8221;310&#8243; media_height=&#8221;390&#8243; crop=&#8221;false&#8221; image_link=&#8221;url&#8221; bg_color=&#8221;#1a1d1f&#8221; border_color=&#8221;#343434&#8243; text_color=&#8221;#414b51&#8243; title_color=&#8221;#54b3ea&#8221; title_text_transform=&#8221;capitalize&#8221; rounded_corner=&#8221;true&#8221; animation=&#8221;fade-in&#8221;]Seja uma melhora na Sa\u00fade, no Bem-Estar, na Concentra\u00e7\u00e3o, na Disciplina, no seu Dia-a-Dia, etc. A pr\u00e1tica constante das Artes Marciais far\u00e1 com que voc\u00ea MELHORE em todos os sentidos![\/mk_image_box][mk_padding_divider size=&#8221;20&#8243;][\/vc_column][\/vc_row][vc_row][vc_column][mk_padding_divider size=&#8221;180&#8243;][\/vc_column][\/vc_row][mk_page_section bg_image=&#8221;http:\/\/eiengakumondojo.com.br\/main\/wp-content\/uploads\/2014\/11\/hawaii-karatedo-header-1-e1489802685725.jpg&#8221; attachment=&#8221;fixed&#8221; bg_position=&#8221;center center&#8221; bg_stretch=&#8221;true&#8221; parallax=&#8221;true&#8221; color_mask=&#8221;#0a0a0a&#8221; mask_opacity=&#8221;0.8&#8243; padding=&#8221;120&#8243; section_id=&#8221;FooterSection&#8221;][vc_column width=&#8221;1\/2&#8243;][mk_padding_divider size=&#8221;60&#8243;][mk_image src=&#8221;http:\/\/eiengakumondojo.com.br\/main\/wp-content\/uploads\/2022\/12\/logo-branco-1-e1670167467600.png&#8221; image_width=&#8221;300&#8243; image_height=&#8221;300&#8243; crop=&#8221;false&#8221; hover=&#8221;false&#8221; circular=&#8221;true&#8221; align=&#8221;center&#8221; group=&#8221;_general&#8221;][\/vc_column][vc_column width=&#8221;1\/2&#8243;][mk_padding_divider size=&#8221;160&#8243;][vc_row_inner][vc_column_inner width=&#8221;1\/6&#8243;][mk_image src=&#8221;http:\/\/eiengakumondojo.com.br\/main\/wp-content\/uploads\/2020\/08\/whatsapp.png&#8221; image_width=&#8221;40&#8243; image_height=&#8221;40&#8243; hover=&#8221;false&#8221; circular=&#8221;true&#8221;][\/vc_column_inner][vc_column_inner width=&#8221;5\/6&#8243;][mk_fancy_text color=&#8221;#4da3d6&#8243; highlight_color=&#8221;#000000&#8243; highlight_opacity=&#8221;0&#8243; font_weight=&#8221;bold&#8221; font_family=&#8221;none&#8221;]\n<p>(19) 99947-6175<\/p>\n[\/mk_fancy_text][\/vc_column_inner][\/vc_row_inner][mk_padding_divider size=&#8221;10&#8243;][vc_column_text]\n<div style=\"font-size: 21px; color: #4da3d6; line-height: 26px; font-weight: normal;\"><strong>Eien Gakumon Dojo<\/strong><br \/>\nRua Noel Rosa, 72 &#8211; Piracicaba\/SP<\/div>\n[\/vc_column_text][mk_padding_divider size=&#8221;20&#8243;][vc_row_inner][vc_column_inner width=&#8221;1\/4&#8243;][mk_fancy_text color=&#8221;#4da3d6&#8243; highlight_color=&#8221;#000000&#8243; highlight_opacity=&#8221;0&#8243; font_weight=&#8221;bold&#8221; font_family=&#8221;none&#8221;]Filiada \u00e0:[\/mk_fancy_text][\/vc_column_inner][vc_column_inner width=&#8221;1\/4&#8243;][mk_image src=&#8221;http:\/\/eiengakumondojo.com.br\/main\/wp-content\/uploads\/2022\/12\/Confedera\u00e7\u00e3o_Brasileira_de_Karat\u00ea.png&#8221; image_width=&#8221;60&#8243; image_height=&#8221;70&#8243;][\/vc_column_inner][vc_column_inner width=&#8221;1\/4&#8243;][mk_image src=&#8221;http:\/\/eiengakumondojo.com.br\/main\/wp-content\/uploads\/2022\/12\/logo-fpk-g.png&#8221; image_width=&#8221;60&#8243; image_height=&#8221;70&#8243; crop=&#8221;false&#8221;][\/vc_column_inner][vc_column_inner width=&#8221;1\/4&#8243;][mk_image src=&#8221;http:\/\/eiengakumondojo.com.br\/main\/wp-content\/uploads\/2023\/01\/matayoshi.jpg&#8221; image_width=&#8221;60&#8243; image_height=&#8221;70&#8243; crop=&#8221;false&#8221;][\/vc_column_inner][\/vc_row_inner][\/vc_column][\/mk_page_section]\n","protected":false},"excerpt":{"rendered":"<p>[mk_page_section top_shape_color=&#8221;#ffffff&#8221; bottom_shape_color=&#8221;#ffffff&#8221; bg_image=&#8221;http:\/\/eiengakumondojo.com.br\/main\/wp-content\/uploads\/2014\/11\/2.jpg&#8221; attachment=&#8221;fixed&#8221; bg_position=&#8221;center center&#8221; bg_repeat=&#8221;no-repeat&#8221; bg_stretch=&#8221;true&#8221; parallax=&#8221;true&#8221; bg_video=&#8221;yes&#8221; mp4=&#8221;http:\/\/eiengakumondojo.com.br\/main\/wp-content\/uploads\/2014\/11\/karate-fight.mp4&#8243; webm=&#8221;http:\/\/eiengakumondojo.com.br\/main\/wp-content\/uploads\/2014\/11\/karate-fight.webm&#8221; poster_image=&#8221;http:\/\/eiengakumondojo.com.br\/main\/wp-content\/uploads\/2014\/11\/2.jpg&#8221; color_mask=&#8221;rgba(0,0,0,0.6)&#8221; mask_opacity=&#8221;1&#8243; padding=&#8221;0&#8243; full_height=&#8221;true&#8221; el_class=&#8221;teste&#8221;][vc_column][mk_fancy_title size=&#8221;82&#8243; color=&#8221;#ffffff&#8221; font_weight=&#8221;bold&#8221; text_transform=&#8221;uppercase&#8221; font_family=&#8221;none&#8221; margin_bottom=&#8221;20&#8243; align=&#8221;center&#8221;]Eien Gakumon Dojo[\/mk_fancy_title][mk_fancy_title size=&#8221;25&#8243; color=&#8221;#ffffff&#8221; font_weight=&#8221;500&#8243; text_transform=&#8221;uppercase&#8221; font_family=&#8221;none&#8221; margin_bottom=&#8221;20&#8243; align=&#8221;center&#8221;]Respeito, Sinceridade, Esfor\u00e7o, Responsabilidade e Alegria[\/mk_fancy_title][\/vc_column][\/mk_page_section][vc_row][vc_column][mk_padding_divider size=&#8221;120&#8243;][\/vc_column][\/vc_row][vc_row][vc_column][mk_fancy_title size=&#8221;30&#8243; color=&#8221;#bbbbbb&#8221; font_weight=&#8221;bold&#8221; font_family=&#8221;Dosis&#8221; font_type=&#8221;google&#8221; align=&#8221;center&#8221;]MODALIDADES OFERECIDAS[\/mk_fancy_title][mk_divider divider_color=&#8221;#313131&#8243; divider_width=&#8221;custom_width&#8221; custom_width=&#8221;65&#8243; thickness=&#8221;4&#8243; margin_top=&#8221;10&#8243; margin_bottom=&#8221;80&#8243;][\/vc_column][\/vc_row][vc_row][vc_column width=&#8221;1\/2&#8243;][mk_image [&hellip;]<\/p>\n","protected":false},"author":1,"featured_media":0,"parent":0,"menu_order":0,"comment_status":"open","ping_status":"open","template":"","meta":{"footnotes":""},"class_list":["post-21694","page","type-page","status-publish","hentry"],"_links":{"self":[{"href":"https:\/\/eiengakumondojo.com.br\/main\/wp-json\/wp\/v2\/pages\/21694","targetHints":{"allow":["GET"]}}],"collection":[{"href":"https:\/\/eiengakumondojo.com.br\/main\/wp-json\/wp\/v2\/pages"}],"about":[{"href":"https:\/\/eiengakumondojo.com.br\/main\/wp-json\/wp\/v2\/types\/page"}],"author":[{"embeddable":true,"href":"https:\/\/eiengakumondojo.com.br\/main\/wp-json\/wp\/v2\/users\/1"}],"replies":[{"embeddable":true,"href":"https:\/\/eiengakumondojo.com.br\/main\/wp-json\/wp\/v2\/comments?post=21694"}],"version-history":[{"count":104,"href":"https:\/\/eiengakumondojo.com.br\/main\/wp-json\/wp\/v2\/pages\/21694\/revisions"}],"predecessor-version":[{"id":30658,"href":"https:\/\/eiengakumondojo.com.br\/main\/wp-json\/wp\/v2\/pages\/21694\/revisions\/30658"}],"wp:attachment":[{"href":"https:\/\/eiengakumondojo.com.br\/main\/wp-json\/wp\/v2\/media?parent=21694"}],"curies":[{"name":"wp","href":"https:\/\/api.w.org\/{rel}","templated":true}]}}