{"id":21696,"date":"2014-11-23T09:35:21","date_gmt":"2014-11-23T09:35:21","guid":{"rendered":"http:\/\/demos.artbees.net\/ken\/gym\/?page_id=21696"},"modified":"2025-08-03T19:08:59","modified_gmt":"2025-08-03T22:08:59","slug":"conheca","status":"publish","type":"page","link":"https:\/\/eiengakumondojo.com.br\/main\/conheca\/","title":{"rendered":"CONHE\u00c7A"},"content":{"rendered":"[mk_page_section bg_image=&#8221;http:\/\/eiengakumondojo.com.br\/main\/wp-content\/uploads\/2014\/11\/shutterstock_375280417-862&#215;575.jpg&#8221; bg_position=&#8221;left center&#8221; bg_repeat=&#8221;no-repeat&#8221; bg_stretch=&#8221;true&#8221; color_mask=&#8221;rgba(0,0,0,0.6)&#8221; mask_opacity=&#8221;0.9&#8243; padding=&#8221;300&#8243; full_height=&#8221;true&#8221; intro_effect=&#8221;fade&#8221;][vc_column][mk_fancy_title size=&#8221;65&#8243; color=&#8221;#ffffff&#8221; text_transform=&#8221;uppercase&#8221; font_family=&#8221;Dosis&#8221; font_type=&#8221;google&#8221; align=&#8221;center&#8221;]\n<p style=\"text-align: right;\"><em><strong>&#8220;Uma longa jornada come\u00e7a com o primeiro passo.&#8221;<\/strong><\/em><br \/>\n<em>(Lao-Ts\u00e9)<\/em><\/p>\n[\/mk_fancy_title][\/vc_column][\/mk_page_section][mk_page_section layout_structure=&#8221;half_left&#8221; top_shape_color=&#8221;#ffffff&#8221; bottom_shape_color=&#8221;#ffffff&#8221; bg_image=&#8221;http:\/\/eiengakumondojo.com.br\/main\/wp-content\/uploads\/2014\/11\/alexandre-sensei.jpg&#8221; full_height=&#8221;true&#8221;][vc_column][mk_fancy_title size=&#8221;30&#8243; color=&#8221;#3a88c4&#8243; font_weight=&#8221;bold&#8221; text_transform=&#8221;uppercase&#8221; font_family=&#8221;Dosis&#8221; font_type=&#8221;google&#8221; margin_bottom=&#8221;19&#8243;]O SENSEI[\/mk_fancy_title][mk_divider divider_color=&#8221;#313131&#8243; divider_width=&#8221;custom_width&#8221; custom_width=&#8221;60&#8243; align=&#8221;left&#8221; thickness=&#8221;4&#8243; margin_top=&#8221;0&#8243; margin_bottom=&#8221;32&#8243;][vc_column_text responsive_align=&#8221;left&#8221;]\n<div style=\"font-size: 20px; color: #939393; line-height: 26px; font-weight: normal;\"><strong>Alexandre Luiz de Aguiar Moreno<\/strong><\/div>\n<div style=\"font-size: 15px; color: #707070; line-height: 26px; font-weight: normal;\">Karat\u00ea-do Shorin-ryu 6\u00ba Dan<\/div>\n<div style=\"font-size: 15px; color: #707070; line-height: 26px; font-weight: normal;\">Kobudo Matayoshi 2\u00ba Dan<\/div>\n<div style=\"font-size: 15px; color: #313131; line-height: 26px; font-weight: normal;\">&#8212;&#8212;&#8212;&#8212;&#8212;&#8212;&#8212;&#8212;&#8212;&#8212;&#8212;&#8212;&#8212;&#8212;&#8212;&#8212;&#8212;&#8212;&#8212;&#8212;-<\/div>\n<div style=\"font-size: 16px; color: #939393; line-height: 26px; font-weight: normal;\">\u201cAntes de avaliarmos a capacidade de desenvolvimento t\u00e9cnico de um aluno, avaliemos a capacidade de desenvolvimento moral e \u00e9tico dessa pessoa. Esse ser\u00e1 um melhor come\u00e7o para formar as pr\u00f3ximas gera\u00e7\u00f5es marciais.&#8221;<\/div>\n<div style=\"font-size: 16px; color: #7f7f7f; line-height: 55px; font-weight: normal;\"><a href=\"http:\/\/eiengakumondojo.com.br\/main\/sensei\/\"><em>Clique para saber mais!<\/em><\/a><\/div>\n[\/vc_column_text][\/vc_column][\/mk_page_section][mk_page_section layout_structure=&#8221;half_right&#8221; top_shape_color=&#8221;#ffffff&#8221; bottom_shape_color=&#8221;#ffffff&#8221; bg_image=&#8221;https:\/\/eiengakumondojo.com.br\/main\/wp-content\/uploads\/2025\/08\/Fachada-scaled.jpg&#8221; full_height=&#8221;true&#8221;][vc_column][mk_fancy_title size=&#8221;30&#8243; color=&#8221;#3a88c4&#8243; font_weight=&#8221;bold&#8221; text_transform=&#8221;uppercase&#8221; font_family=&#8221;Dosis&#8221; font_type=&#8221;google&#8221; margin_bottom=&#8221;19&#8243;]O DOJO[\/mk_fancy_title][mk_divider divider_color=&#8221;#313131&#8243; divider_width=&#8221;custom_width&#8221; custom_width=&#8221;60&#8243; align=&#8221;left&#8221; thickness=&#8221;4&#8243; margin_top=&#8221;0&#8243; margin_bottom=&#8221;32&#8243;][vc_column_text responsive_align=&#8221;left&#8221;]\n<div style=\"font-size: 20px; color: #939393; line-height: 26px; font-weight: normal;\"><b>EIEN GAKUMON DOJO<\/b><\/div>\n<div style=\"font-size: 15px; color: #707070; line-height: 26px; font-weight: normal;\">Dojo de Karat\u00ea-do Shorin-ryu e Kobudo Matayoshi de Piracicaba.<\/div>\n<div style=\"font-size: 15px; color: #313131; line-height: 26px; font-weight: normal;\">&#8212;&#8212;&#8212;&#8212;&#8212;&#8212;&#8212;&#8212;&#8212;&#8212;&#8212;&#8212;&#8212;&#8212;&#8212;&#8212;&#8212;&#8212;&#8212;&#8212;<\/div>\n<div style=\"font-size: 16px; color: #939393; line-height: 26px; font-weight: normal;\">A palavra &#8220;dojo&#8221; nos remete ao significado &#8220;local do caminho&#8221;, onde &#8220;caminho&#8221; trata de toda a prepara\u00e7\u00e3o f\u00edsica, t\u00e9cnica e mental necess\u00e1rios \u00e0 uma arte marcial.<\/div>\n<div style=\"font-size: 16px; color: #939393; line-height: 26px; font-weight: normal;\">Nosso dojo possui um espa\u00e7o inteiramente preparado e destinado exclusivamente \u00e0 pr\u00e1tica de Artes Marciais, permitindo um melhor treino, aumentando a concentra\u00e7\u00e3o e imers\u00e3o de cada praticante no mundo das artes marciais. Um ambiente adequado \u00e9 de fundamental import\u00e2ncia para a evolu\u00e7\u00e3o de seus freq\u00fcentadores.<\/div>\n[\/vc_column_text][\/vc_column][\/mk_page_section][mk_page_section layout_structure=&#8221;half_left&#8221; top_shape_color=&#8221;#ffffff&#8221; bottom_shape_color=&#8221;#ffffff&#8221; bg_image=&#8221;http:\/\/eiengakumondojo.com.br\/main\/wp-content\/uploads\/2014\/11\/modalidades.jpg&#8221; full_height=&#8221;true&#8221;][vc_column][mk_fancy_title size=&#8221;30&#8243; color=&#8221;#3a88c4&#8243; font_weight=&#8221;bold&#8221; text_transform=&#8221;uppercase&#8221; font_family=&#8221;Dosis&#8221; font_type=&#8221;google&#8221; margin_bottom=&#8221;19&#8243;]AS MODALIDADES[\/mk_fancy_title][mk_divider divider_color=&#8221;#313131&#8243; divider_width=&#8221;custom_width&#8221; custom_width=&#8221;60&#8243; align=&#8221;left&#8221; thickness=&#8221;4&#8243; margin_top=&#8221;0&#8243; margin_bottom=&#8221;32&#8243;][vc_column_text responsive_align=&#8221;left&#8221;]\n<div style=\"font-size: 20px; color: #939393; line-height: 26px; font-weight: normal;\"><strong>Karat\u00ea-Do e Kobudo<\/strong><\/div>\n<div style=\"font-size: 15px; color: #707070; line-height: 26px; font-weight: normal;\">Karat\u00ea-do Shorin-ryu e Kobudo Matayoshi<\/div>\n<div style=\"font-size: 15px; color: #313131; line-height: 26px; font-weight: normal;\">&#8212;&#8212;&#8212;&#8212;&#8212;&#8212;&#8212;&#8212;&#8212;&#8212;&#8212;&#8212;&#8212;&#8212;&#8212;&#8212;&#8212;&#8212;&#8212;&#8212;<\/div>\n<div style=\"font-size: 16px; color: #939393; line-height: 26px; font-weight: normal;\">A arte marcial japonesa KARAT\u00ca-DO utiliza, de forma equilibrada, todas as partes do corpo humano para defesas e contra-ataques atrav\u00e9s de movimentos firmes e potentes. O praticante de Karat\u00ea-do \u00e9 chamado &#8220;karate-do-ka&#8221;, j\u00e1 o KOBUDO significa &#8220;arte marcial antiga&#8221; e refere-se \u00e0s tradi\u00e7\u00f5es guerreiras do Jap\u00e3o feudal, na utiliza\u00e7\u00e3o de armas, ocultas na forma de utens\u00edlios agr\u00edcolas, buscando a defesa de suas propriedades e de suas fam\u00edlias.<\/div>\n<div style=\"font-size: 16px; color: #7f7f7f; line-height: 55px; font-weight: normal;\"><em>Clique para saber mais: <strong><a href=\"http:\/\/eiengakumondojo.com.br\/main\/karatedo\/\">KARAT\u00ca-DO<\/a><\/strong> ou <strong><a href=\"http:\/\/eiengakumondojo.com.br\/main\/kobudo\/\">KOBUDO<\/a><\/strong><\/em><\/div>\n[\/vc_column_text][\/vc_column][\/mk_page_section][mk_page_section bg_image=&#8221;http:\/\/eiengakumondojo.com.br\/main\/wp-content\/uploads\/2014\/11\/hawaii-karatedo-header-1-e1489802685725.jpg&#8221; attachment=&#8221;fixed&#8221; bg_position=&#8221;center center&#8221; bg_stretch=&#8221;true&#8221; parallax=&#8221;true&#8221; color_mask=&#8221;#0a0a0a&#8221; mask_opacity=&#8221;0.8&#8243; padding=&#8221;120&#8243;][vc_column width=&#8221;1\/2&#8243;][mk_padding_divider size=&#8221;60&#8243;][mk_image src=&#8221;http:\/\/eiengakumondojo.com.br\/main\/wp-content\/uploads\/2022\/12\/logo-branco-1-e1670167467600.png&#8221; image_width=&#8221;300&#8243; image_height=&#8221;300&#8243; crop=&#8221;false&#8221; hover=&#8221;false&#8221; circular=&#8221;true&#8221; align=&#8221;center&#8221; group=&#8221;_general&#8221;][\/vc_column][vc_column width=&#8221;1\/2&#8243;][mk_padding_divider size=&#8221;140&#8243;][vc_row_inner][vc_column_inner width=&#8221;1\/6&#8243;][mk_image src=&#8221;http:\/\/eiengakumondojo.com.br\/main\/wp-content\/uploads\/2020\/08\/whatsapp.png&#8221; image_width=&#8221;40&#8243; image_height=&#8221;40&#8243; hover=&#8221;false&#8221; circular=&#8221;true&#8221;][\/vc_column_inner][vc_column_inner width=&#8221;5\/6&#8243;][mk_fancy_text color=&#8221;#4da3d6&#8243; highlight_color=&#8221;#000000&#8243; highlight_opacity=&#8221;0&#8243; font_weight=&#8221;bold&#8221; font_family=&#8221;none&#8221;](19) 99947-6175[\/mk_fancy_text][\/vc_column_inner][\/vc_row_inner][mk_padding_divider size=&#8221;10&#8243;][vc_column_text]\n<div style=\"font-size: 21px; color: #4da3d6; line-height: 26px; font-weight: normal;\"><strong>Eien Gakumon Dojo<\/strong><br \/>\nRua Noel Rosa, 72 &#8211; Piracicaba\/SP<\/div>\n[\/vc_column_text][mk_padding_divider size=&#8221;20&#8243;][vc_row_inner][vc_column_inner width=&#8221;1\/4&#8243;][mk_fancy_text color=&#8221;#4da3d6&#8243; highlight_color=&#8221;#000000&#8243; highlight_opacity=&#8221;0&#8243; font_weight=&#8221;bold&#8221; font_family=&#8221;none&#8221;]Filiada \u00e0:[\/mk_fancy_text][\/vc_column_inner][vc_column_inner width=&#8221;1\/4&#8243;][mk_image src=&#8221;http:\/\/eiengakumondojo.com.br\/main\/wp-content\/uploads\/2022\/12\/Confedera\u00e7\u00e3o_Brasileira_de_Karat\u00ea.png&#8221; image_width=&#8221;60&#8243; image_height=&#8221;70&#8243; hover=&#8221;false&#8221;][\/vc_column_inner][vc_column_inner width=&#8221;1\/4&#8243;][mk_image src=&#8221;http:\/\/eiengakumondojo.com.br\/main\/wp-content\/uploads\/2022\/12\/logo-fpk-g.png&#8221; image_width=&#8221;60&#8243; image_height=&#8221;70&#8243; hover=&#8221;false&#8221;][\/vc_column_inner][vc_column_inner width=&#8221;1\/4&#8243;][mk_image src=&#8221;http:\/\/eiengakumondojo.com.br\/main\/wp-content\/uploads\/2023\/01\/matayoshi.jpg&#8221; image_width=&#8221;60&#8243; image_height=&#8221;70&#8243; hover=&#8221;false&#8221;][\/vc_column_inner][\/vc_row_inner][\/vc_column][\/mk_page_section]\n","protected":false},"excerpt":{"rendered":"<p>[mk_page_section bg_image=&#8221;http:\/\/eiengakumondojo.com.br\/main\/wp-content\/uploads\/2014\/11\/shutterstock_375280417-862&#215;575.jpg&#8221; bg_position=&#8221;left center&#8221; bg_repeat=&#8221;no-repeat&#8221; bg_stretch=&#8221;true&#8221; color_mask=&#8221;rgba(0,0,0,0.6)&#8221; mask_opacity=&#8221;0.9&#8243; padding=&#8221;300&#8243; full_height=&#8221;true&#8221; intro_effect=&#8221;fade&#8221;][vc_column][mk_fancy_title size=&#8221;65&#8243; color=&#8221;#ffffff&#8221; text_transform=&#8221;uppercase&#8221; font_family=&#8221;Dosis&#8221; font_type=&#8221;google&#8221; align=&#8221;center&#8221;] &#8220;Uma longa jornada come\u00e7a com o primeiro passo.&#8221; (Lao-Ts\u00e9) [\/mk_fancy_title][\/vc_column][\/mk_page_section][mk_page_section layout_structure=&#8221;half_left&#8221; top_shape_color=&#8221;#ffffff&#8221; bottom_shape_color=&#8221;#ffffff&#8221; bg_image=&#8221;http:\/\/eiengakumondojo.com.br\/main\/wp-content\/uploads\/2014\/11\/alexandre-sensei.jpg&#8221; full_height=&#8221;true&#8221;][vc_column][mk_fancy_title size=&#8221;30&#8243; color=&#8221;#3a88c4&#8243; font_weight=&#8221;bold&#8221; text_transform=&#8221;uppercase&#8221; font_family=&#8221;Dosis&#8221; font_type=&#8221;google&#8221; margin_bottom=&#8221;19&#8243;]O SENSEI[\/mk_fancy_title][mk_divider divider_color=&#8221;#313131&#8243; divider_width=&#8221;custom_width&#8221; custom_width=&#8221;60&#8243; align=&#8221;left&#8221; thickness=&#8221;4&#8243; margin_top=&#8221;0&#8243; margin_bottom=&#8221;32&#8243;][vc_column_text responsive_align=&#8221;left&#8221;] Alexandre Luiz de Aguiar Moreno Karat\u00ea-do Shorin-ryu [&hellip;]<\/p>\n","protected":false},"author":1,"featured_media":0,"parent":0,"menu_order":0,"comment_status":"open","ping_status":"open","template":"","meta":{"footnotes":""},"class_list":["post-21696","page","type-page","status-publish","hentry"],"_links":{"self":[{"href":"https:\/\/eiengakumondojo.com.br\/main\/wp-json\/wp\/v2\/pages\/21696","targetHints":{"allow":["GET"]}}],"collection":[{"href":"https:\/\/eiengakumondojo.com.br\/main\/wp-json\/wp\/v2\/pages"}],"about":[{"href":"https:\/\/eiengakumondojo.com.br\/main\/wp-json\/wp\/v2\/types\/page"}],"author":[{"embeddable":true,"href":"https:\/\/eiengakumondojo.com.br\/main\/wp-json\/wp\/v2\/users\/1"}],"replies":[{"embeddable":true,"href":"https:\/\/eiengakumondojo.com.br\/main\/wp-json\/wp\/v2\/comments?post=21696"}],"version-history":[{"count":49,"href":"https:\/\/eiengakumondojo.com.br\/main\/wp-json\/wp\/v2\/pages\/21696\/revisions"}],"predecessor-version":[{"id":30673,"href":"https:\/\/eiengakumondojo.com.br\/main\/wp-json\/wp\/v2\/pages\/21696\/revisions\/30673"}],"wp:attachment":[{"href":"https:\/\/eiengakumondojo.com.br\/main\/wp-json\/wp\/v2\/media?parent=21696"}],"curies":[{"name":"wp","href":"https:\/\/api.w.org\/{rel}","templated":true}]}}