{"id":22241,"date":"2017-07-31T18:32:13","date_gmt":"2017-07-31T21:32:13","guid":{"rendered":"http:\/\/eiengakumondojo.com.br\/main\/?page_id=22241"},"modified":"2025-08-04T13:25:06","modified_gmt":"2025-08-04T16:25:06","slug":"karatedo-historia","status":"publish","type":"page","link":"https:\/\/eiengakumondojo.com.br\/main\/karatedo-historia\/","title":{"rendered":"HIST\u00d3RIA"},"content":{"rendered":"[mk_page_section bg_image=&#8221;http:\/\/eiengakumondojo.com.br\/main\/wp-content\/uploads\/2017\/07\/karate-top.jpg&#8221; attachment=&#8221;fixed&#8221; bg_position=&#8221;center top&#8221; bg_stretch=&#8221;true&#8221; parallax=&#8221;true&#8221; color_mask=&#8221;#0a0a0a&#8221; mask_opacity=&#8221;0.8&#8243; padding=&#8221;120&#8243;][vc_column][mk_fancy_title tag_name=&#8221;h2&#8243; size=&#8221;60&#8243; color=&#8221;#9e9e9e&#8221; font_weight=&#8221;bold&#8221; text_transform=&#8221;none&#8221; font_family=&#8221;none&#8221; margin_top=&#8221;20&#8243; margin_bottom=&#8221;60&#8243; align=&#8221;center&#8221;]KARAT\u00ca-DO[\/mk_fancy_title][\/vc_column][\/mk_page_section][vc_row][vc_column][mk_padding_divider size=&#8221;80&#8243;][\/vc_column][\/vc_row][vc_row][vc_column][vc_column_text]\n<div style=\"font-size: 35px; color: #4da3d6; line-height: 38px; font-weight: normal;\"><strong>Um pouco de Hist\u00f3ria<\/strong><\/div>\n[\/vc_column_text][mk_padding_divider size=&#8221;10&#8243;][vc_separator color=&#8221;custom&#8221; accent_color=&#8221;#4da3d6&#8243;][\/vc_column][\/vc_row][vc_row][vc_column width=&#8221;1\/2&#8243;][vc_column_text responsive_align=&#8221;left&#8221;]\n<p style=\"text-align: left; font-size: 18px; color: #999999; line-height: 25px;\">Ao longo do tempo, na luta pela sobreviv\u00eancia o Ser Humano tem procurado um meio de defesa para vencer as adversidades. Em todos os recantos da terra o homem tem desenvolvido instrumentos e t\u00e9cnicas para se defender, vencer ou dominar o ambiente que o cerca. Como meio de auto-defesa, em Okinawa no Jap\u00e3o, se desenvolveu o Karate-Do, inicialmente chamado \u201cTE\u201d (M\u00e3o) ou \u201cTI\u201d, com o mesmo significado do \u201cTE\u201d, por\u00e9m em Okinawa-go (a l\u00edngua de Okinawa). Esta luta ensinava o praticante a enfrentar sem armas o seu advers\u00e1rio.\u00a0A Ilha de Okinawa, conhecida como uma \u201cCorda no Oceano\u201d, est\u00e1 situada no Oceano Pacifico; cerca de 600 Km ao sul da regi\u00e3o continental do Jap\u00e3o, 600 Km ao norte de Formosa e 700 km \u00e0 leste da China.<\/p>\n[\/vc_column_text][\/vc_column][vc_column width=&#8221;1\/2&#8243;][vc_column_text responsive_align=&#8221;left&#8221;]\n<p style=\"text-align: left; font-size: 18px; color: #999999; line-height: 25px;\">Em 1371, Okinawa iniciou um intenso com\u00e9rcio com a China, Cor\u00e9ia e pa\u00edses do sudeste asi\u00e1tico como: Tail\u00e2ndia, Java, Filipinas, Indon\u00e9sia, Sumatra, Mal\u00e1sia e outros. Em conseq\u00fc\u00eancia, houve tamb\u00e9m um interc\u00e2mbio cultural que trouxe \u00e0 Okinawa uma outra forma de luta procedente da China, semelhante ao \u201cTE\u201d, o \u201cKenpo\u201d (ou Boxe Chin\u00eas). Com a presen\u00e7a dessa luta chinesa em Okinawa, aperfei\u00e7oou-se uma nova modalidade de luta, o \u201cKarate-Do\u201d.<\/p>\n[\/vc_column_text][\/vc_column][\/vc_row][vc_row][vc_column][mk_padding_divider][\/vc_column][\/vc_row][vc_row css=&#8221;.vc_custom_1501540658825{padding-top: 0px !important;padding-right: 0px !important;padding-bottom: 0px !important;padding-left: 0px !important;}&#8221;][vc_column][mk_image src=&#8221;http:\/\/eiengakumondojo.com.br\/main\/wp-content\/uploads\/2017\/07\/okinawa-old-fighters.jpg&#8221; image_width=&#8221;1500&#8243; crop=&#8221;false&#8221; hover=&#8221;false&#8221; align=&#8221;center&#8221;][\/vc_column][\/vc_row][vc_row][vc_column][mk_padding_divider][\/vc_column][\/vc_row][vc_row][vc_column width=&#8221;1\/2&#8243;][vc_column_text responsive_align=&#8221;left&#8221;]\n<p style=\"text-align: left; font-size: 18px; color: #999999; line-height: 25px;\">Por duas vezes houve proibi\u00e7\u00e3o do uso de armas em Okinawa. Nessa \u00e9poca a Ilha de Okinawa estava dividida em tr\u00eas Estados: Nazan, Chuzan e Hokuzan. A primeira proibi\u00e7\u00e3o ocorreu em 1427, quando o rei de Chuzan, de nome Shohashi conquistou toda a Ilha ap\u00f3s muitos conflitos.<br \/>\nEm 1609, o dirigente da prov\u00edncia de Satsuma, Tadatsune Iehisa Shimazu (1576-1638), invadiu Okinawa e anexou as ilhas Ryukyu ao seu territ\u00f3rio no sul de Kyushu.<br \/>\nNeste per\u00edodo, a popula\u00e7\u00e3o dessas ilhas passou a ser obrigada a pagar um tributo ao cl\u00e3 Shimazu, quando ocorreu novamente a proibi\u00e7\u00e3o do porte de armas.<\/p>\n[\/vc_column_text][\/vc_column][vc_column width=&#8221;1\/2&#8243;][vc_column_text responsive_align=&#8221;left&#8221;]\n<p style=\"text-align: left; font-size: 18px; color: #999999; line-height: 25px;\">Em fun\u00e7\u00e3o de necessidade, o Karate-Do assumiu maior valor. Aqueles que n\u00e3o podiam usar armas, aperfei\u00e7oaram e usaram o Karate-Do como meio de defesa ao enfrentar advers\u00e1rios armados.<br \/>\nO Karate-Do se desenvolveu em tr\u00eas locais diferentes de Okinawa: Na capital Shuri, denominando-se \u201cShuri-Te\u201d; na cidade comercial de Naha, denominando-se \u201cNaha-Te\u201d e na cidade portu\u00e1ria de Tomari, \u201cTomari-Te\u201d. Shuri-Te e Tomari-Te deram origem ao estilo \u201cShorin\u201d e Naha-Te ao estilo \u201cGoju\u201d.Atualmente existem v\u00e1rios estilos que surgiram como deriva\u00e7\u00e3o do Shorin-Ryu e do Goju-Ryu, ou como conseq\u00fc\u00eancia da integra\u00e7\u00e3o dessas duas ra\u00edzes.<\/p>\n[\/vc_column_text][\/vc_column][\/vc_row][vc_row][vc_column][mk_padding_divider][\/vc_column][\/vc_row][vc_row css=&#8221;.vc_custom_1501540658825{padding-top: 0px !important;padding-right: 0px !important;padding-bottom: 0px !important;padding-left: 0px !important;}&#8221;][vc_column][mk_image src=&#8221;http:\/\/eiengakumondojo.com.br\/main\/wp-content\/uploads\/2017\/07\/okinawa-old-years.jpg&#8221; image_width=&#8221;1500&#8243; crop=&#8221;false&#8221; hover=&#8221;false&#8221; align=&#8221;center&#8221;][\/vc_column][\/vc_row][vc_row][vc_column][mk_padding_divider][\/vc_column][\/vc_row][vc_row][vc_column][vc_column_text responsive_align=&#8221;left&#8221;]\n<p style=\"text-align: left; font-size: 18px; color: #999999; line-height: 25px;\">Em 1917, o Mestre Gishin Funakoshi levou o karate-do de Okinawa para Tokyo pela primeira vez. Em seguida, outros Mestres como Kenwa Mabuni (Shito-Ryu), Kanken Toyama, Chojun Miyagui (Goju-Ryu), Choki Motobu e outros levaram o Karate-Do para v\u00e1rias cidades do Jap\u00e3o. Ap\u00f3s a Segunda Guerra Mundial o Karate-Do se popularizou pelo Mundo.<br \/>\nN\u00e3o h\u00e1 registros antigos dos Karatedocas, pois a proibi\u00e7\u00e3o da pr\u00e1tica durante muitos anos fez com que esta arte fosse ensinada secretamente para os alunos selecionados.<\/p>\n[\/vc_column_text][\/vc_column][\/vc_row][vc_row][vc_column width=&#8221;1\/2&#8243;][mk_image src=&#8221;http:\/\/eiengakumondojo.com.br\/main\/wp-content\/uploads\/2017\/07\/chosin-chibana.jpg&#8221; crop=&#8221;false&#8221; hover=&#8221;false&#8221; align=&#8221;center&#8221;][\/vc_column][vc_column width=&#8221;1\/2&#8243;][mk_image src=&#8221;http:\/\/eiengakumondojo.com.br\/main\/wp-content\/uploads\/2017\/07\/yoshihide-shinzato.jpg&#8221; crop=&#8221;false&#8221; hover=&#8221;false&#8221; align=&#8221;center&#8221;][\/vc_column][\/vc_row][vc_row][vc_column][mk_padding_divider size=&#8221;180&#8243;][\/vc_column][\/vc_row][vc_row][vc_column][vc_column_text]\n<div style=\"font-size: 35px; color: #4da3d6; line-height: 38px; font-weight: normal;\"><strong>Principais estilos de Karat\u00ea-do e mestres fundadores<\/strong><\/div>\n[\/vc_column_text][mk_padding_divider size=&#8221;10&#8243;][vc_separator color=&#8221;custom&#8221; accent_color=&#8221;#4da3d6&#8243;][\/vc_column][\/vc_row][vc_row][vc_column][mk_padding_divider size=&#8221;60&#8243;][mk_image src=&#8221;http:\/\/eiengakumondojo.com.br\/main\/wp-content\/uploads\/2017\/07\/estilo-fundadores.png&#8221; image_width=&#8221;1500&#8243; crop=&#8221;false&#8221; hover=&#8221;false&#8221; align=&#8221;center&#8221;][mk_padding_divider size=&#8221;60&#8243;][\/vc_column][\/vc_row][vc_row][vc_column][mk_padding_divider size=&#8221;180&#8243;][\/vc_column][\/vc_row][mk_page_section bg_image=&#8221;http:\/\/eiengakumondojo.com.br\/main\/wp-content\/uploads\/2014\/11\/hawaii-karatedo-header-1-e1489802685725.jpg&#8221; attachment=&#8221;fixed&#8221; bg_position=&#8221;center center&#8221; bg_stretch=&#8221;true&#8221; parallax=&#8221;true&#8221; color_mask=&#8221;#0a0a0a&#8221; mask_opacity=&#8221;0.8&#8243; padding=&#8221;120&#8243;][vc_column width=&#8221;1\/2&#8243;][mk_padding_divider size=&#8221;60&#8243;][mk_image src=&#8221;http:\/\/eiengakumondojo.com.br\/main\/wp-content\/uploads\/2022\/12\/logo-branco-1-e1670167467600.png&#8221; image_width=&#8221;300&#8243; image_height=&#8221;300&#8243; crop=&#8221;false&#8221; hover=&#8221;false&#8221; circular=&#8221;true&#8221; align=&#8221;center&#8221; group=&#8221;_general&#8221;][\/vc_column][vc_column width=&#8221;1\/2&#8243;][mk_padding_divider size=&#8221;160&#8243;][vc_row_inner][vc_column_inner width=&#8221;1\/6&#8243;][mk_image src=&#8221;http:\/\/eiengakumondojo.com.br\/main\/wp-content\/uploads\/2020\/08\/whatsapp.png&#8221; image_width=&#8221;40&#8243; image_height=&#8221;40&#8243; hover=&#8221;false&#8221; circular=&#8221;true&#8221;][\/vc_column_inner][vc_column_inner width=&#8221;5\/6&#8243;][mk_fancy_text color=&#8221;#4da3d6&#8243; highlight_color=&#8221;#000000&#8243; highlight_opacity=&#8221;0&#8243; font_weight=&#8221;bold&#8221; font_family=&#8221;none&#8221;]\n<p>(19) 99947-6175<\/p>\n[\/mk_fancy_text][\/vc_column_inner][\/vc_row_inner][mk_padding_divider size=&#8221;10&#8243;][vc_column_text]\n<div style=\"font-size: 21px; color: #4da3d6; line-height: 26px; font-weight: normal;\"><strong>Eien Gakumon Dojo<\/strong><br \/>\nRua Noel Rosa, 72 &#8211; Piracicaba\/SP<\/div>\n[\/vc_column_text][mk_padding_divider size=&#8221;20&#8243;][vc_row_inner][vc_column_inner width=&#8221;1\/4&#8243;][mk_fancy_text color=&#8221;#4da3d6&#8243; highlight_color=&#8221;#000000&#8243; highlight_opacity=&#8221;0&#8243; font_weight=&#8221;bold&#8221; font_family=&#8221;none&#8221;]Filiada \u00e0:[\/mk_fancy_text][\/vc_column_inner][vc_column_inner width=&#8221;1\/4&#8243;][mk_image src=&#8221;http:\/\/eiengakumondojo.com.br\/main\/wp-content\/uploads\/2022\/12\/Confedera\u00e7\u00e3o_Brasileira_de_Karat\u00ea.png&#8221; image_width=&#8221;60&#8243; image_height=&#8221;70&#8243; hover=&#8221;false&#8221;][\/vc_column_inner][vc_column_inner width=&#8221;1\/4&#8243;][mk_image src=&#8221;http:\/\/eiengakumondojo.com.br\/main\/wp-content\/uploads\/2022\/12\/logo-fpk-g.png&#8221; image_width=&#8221;60&#8243; image_height=&#8221;70&#8243; hover=&#8221;false&#8221;][\/vc_column_inner][vc_column_inner width=&#8221;1\/4&#8243;][mk_image src=&#8221;http:\/\/eiengakumondojo.com.br\/main\/wp-content\/uploads\/2023\/01\/matayoshi.jpg&#8221; image_width=&#8221;60&#8243; image_height=&#8221;70&#8243; hover=&#8221;false&#8221;][\/vc_column_inner][\/vc_row_inner][\/vc_column][\/mk_page_section]\n","protected":false},"excerpt":{"rendered":"<p>[mk_page_section bg_image=&#8221;http:\/\/eiengakumondojo.com.br\/main\/wp-content\/uploads\/2017\/07\/karate-top.jpg&#8221; attachment=&#8221;fixed&#8221; bg_position=&#8221;center top&#8221; bg_stretch=&#8221;true&#8221; parallax=&#8221;true&#8221; color_mask=&#8221;#0a0a0a&#8221; mask_opacity=&#8221;0.8&#8243; padding=&#8221;120&#8243;][vc_column][mk_fancy_title tag_name=&#8221;h2&#8243; size=&#8221;60&#8243; color=&#8221;#9e9e9e&#8221; font_weight=&#8221;bold&#8221; text_transform=&#8221;none&#8221; font_family=&#8221;none&#8221; margin_top=&#8221;20&#8243; margin_bottom=&#8221;60&#8243; align=&#8221;center&#8221;]KARAT\u00ca-DO[\/mk_fancy_title][\/vc_column][\/mk_page_section][vc_row][vc_column][mk_padding_divider size=&#8221;80&#8243;][\/vc_column][\/vc_row][vc_row][vc_column][vc_column_text] Um pouco de Hist\u00f3ria [\/vc_column_text][mk_padding_divider size=&#8221;10&#8243;][vc_separator color=&#8221;custom&#8221; accent_color=&#8221;#4da3d6&#8243;][\/vc_column][\/vc_row][vc_row][vc_column width=&#8221;1\/2&#8243;][vc_column_text responsive_align=&#8221;left&#8221;] Ao longo do tempo, na luta pela sobreviv\u00eancia o Ser Humano tem procurado um meio de defesa para vencer as adversidades. Em todos os recantos [&hellip;]<\/p>\n","protected":false},"author":1,"featured_media":0,"parent":0,"menu_order":0,"comment_status":"open","ping_status":"open","template":"","meta":{"footnotes":""},"class_list":["post-22241","page","type-page","status-publish","hentry"],"_links":{"self":[{"href":"https:\/\/eiengakumondojo.com.br\/main\/wp-json\/wp\/v2\/pages\/22241","targetHints":{"allow":["GET"]}}],"collection":[{"href":"https:\/\/eiengakumondojo.com.br\/main\/wp-json\/wp\/v2\/pages"}],"about":[{"href":"https:\/\/eiengakumondojo.com.br\/main\/wp-json\/wp\/v2\/types\/page"}],"author":[{"embeddable":true,"href":"https:\/\/eiengakumondojo.com.br\/main\/wp-json\/wp\/v2\/users\/1"}],"replies":[{"embeddable":true,"href":"https:\/\/eiengakumondojo.com.br\/main\/wp-json\/wp\/v2\/comments?post=22241"}],"version-history":[{"count":56,"href":"https:\/\/eiengakumondojo.com.br\/main\/wp-json\/wp\/v2\/pages\/22241\/revisions"}],"predecessor-version":[{"id":30695,"href":"https:\/\/eiengakumondojo.com.br\/main\/wp-json\/wp\/v2\/pages\/22241\/revisions\/30695"}],"wp:attachment":[{"href":"https:\/\/eiengakumondojo.com.br\/main\/wp-json\/wp\/v2\/media?parent=22241"}],"curies":[{"name":"wp","href":"https:\/\/api.w.org\/{rel}","templated":true}]}}