{"id":22592,"date":"2017-08-09T17:27:29","date_gmt":"2017-08-09T20:27:29","guid":{"rendered":"http:\/\/eiengakumondojo.com.br\/main\/?page_id=22592"},"modified":"2025-08-03T19:13:43","modified_gmt":"2025-08-03T22:13:43","slug":"eventos","status":"publish","type":"page","link":"https:\/\/eiengakumondojo.com.br\/main\/eventos\/","title":{"rendered":"EVENTOS"},"content":{"rendered":"[vc_row][vc_column][mk_padding_divider size=&#8221;15&#8243;][\/vc_column][\/vc_row][vc_row][vc_column][layerslider_vc id=&#8221;1&#8243;][\/vc_column][\/vc_row][vc_row][vc_column][mk_padding_divider size=&#8221;80&#8243;][\/vc_column][\/vc_row][mk_page_section][vc_column][vc_column_text]\n[\/vc_column_text][\/vc_column][\/mk_page_section][vc_row][vc_column][mk_padding_divider size=&#8221;80&#8243;][\/vc_column][\/vc_row][mk_page_section bg_image=&#8221;http:\/\/eiengakumondojo.com.br\/main\/wp-content\/uploads\/2014\/11\/hawaii-karatedo-header-1-e1489802685725.jpg&#8221; attachment=&#8221;fixed&#8221; bg_position=&#8221;center center&#8221; bg_stretch=&#8221;true&#8221; parallax=&#8221;true&#8221; color_mask=&#8221;#0a0a0a&#8221; mask_opacity=&#8221;0.8&#8243; padding=&#8221;120&#8243;][vc_column width=&#8221;1\/2&#8243;][mk_padding_divider size=&#8221;60&#8243;][mk_image src=&#8221;http:\/\/eiengakumondojo.com.br\/main\/wp-content\/uploads\/2022\/12\/logo-branco-1-e1670167467600.png&#8221; image_width=&#8221;300&#8243; image_height=&#8221;300&#8243; crop=&#8221;false&#8221; hover=&#8221;false&#8221; align=&#8221;center&#8221; group=&#8221;_general&#8221;][\/vc_column][vc_column width=&#8221;1\/2&#8243;][mk_padding_divider size=&#8221;20&#8243;][mk_padding_divider size=&#8221;140&#8243;][vc_row_inner][vc_column_inner width=&#8221;1\/6&#8243;][mk_image src=&#8221;http:\/\/eiengakumondojo.com.br\/main\/wp-content\/uploads\/2020\/08\/whatsapp.png&#8221; image_width=&#8221;40&#8243; image_height=&#8221;40&#8243; hover=&#8221;false&#8221; circular=&#8221;true&#8221;][\/vc_column_inner][vc_column_inner width=&#8221;5\/6&#8243;][mk_fancy_text color=&#8221;#4da3d6&#8243; highlight_color=&#8221;#000000&#8243; highlight_opacity=&#8221;0&#8243; font_weight=&#8221;bold&#8221; font_family=&#8221;none&#8221;](19) 99947-6175[\/mk_fancy_text][\/vc_column_inner][\/vc_row_inner][mk_padding_divider size=&#8221;10&#8243;][vc_column_text]\n<div style=\"font-size: 21px; color: #4da3d6; line-height: 26px; font-weight: normal;\"><strong>Eien Gakumon Dojo<\/strong><br \/>\nRua Noel Rosa, 72 &#8211; Piracicaba\/SP<\/div>\n[\/vc_column_text][mk_padding_divider size=&#8221;20&#8243;][vc_row_inner][vc_column_inner width=&#8221;1\/4&#8243;][mk_fancy_text color=&#8221;#4da3d6&#8243; highlight_color=&#8221;#000000&#8243; highlight_opacity=&#8221;0&#8243; font_weight=&#8221;bold&#8221; font_family=&#8221;none&#8221;]Filiada \u00e0:[\/mk_fancy_text][\/vc_column_inner][vc_column_inner width=&#8221;1\/4&#8243;][mk_image src=&#8221;http:\/\/eiengakumondojo.com.br\/main\/wp-content\/uploads\/2022\/12\/Confedera\u00e7\u00e3o_Brasileira_de_Karat\u00ea.png&#8221; image_width=&#8221;60&#8243; image_height=&#8221;70&#8243; hover=&#8221;false&#8221;][\/vc_column_inner][vc_column_inner width=&#8221;1\/4&#8243;][mk_image src=&#8221;http:\/\/eiengakumondojo.com.br\/main\/wp-content\/uploads\/2022\/12\/logo-fpk-g.png&#8221; image_width=&#8221;60&#8243; image_height=&#8221;70&#8243; hover=&#8221;false&#8221;][\/vc_column_inner][vc_column_inner width=&#8221;1\/4&#8243;][mk_image src=&#8221;http:\/\/eiengakumondojo.com.br\/main\/wp-content\/uploads\/2023\/01\/matayoshi.jpg&#8221; image_width=&#8221;60&#8243; image_height=&#8221;70&#8243; hover=&#8221;false&#8221;][\/vc_column_inner][\/vc_row_inner][\/vc_column][\/mk_page_section]\n","protected":false},"excerpt":{"rendered":"<p>[vc_row][vc_column][mk_padding_divider size=&#8221;15&#8243;][\/vc_column][\/vc_row][vc_row][vc_column][layerslider_vc id=&#8221;1&#8243;][\/vc_column][\/vc_row][vc_row][vc_column][mk_padding_divider size=&#8221;80&#8243;][\/vc_column][\/vc_row][mk_page_section][vc_column][vc_column_text] [\/vc_column_text][\/vc_column][\/mk_page_section][vc_row][vc_column][mk_padding_divider size=&#8221;80&#8243;][\/vc_column][\/vc_row][mk_page_section bg_image=&#8221;http:\/\/eiengakumondojo.com.br\/main\/wp-content\/uploads\/2014\/11\/hawaii-karatedo-header-1-e1489802685725.jpg&#8221; attachment=&#8221;fixed&#8221; bg_position=&#8221;center center&#8221; bg_stretch=&#8221;true&#8221; parallax=&#8221;true&#8221; color_mask=&#8221;#0a0a0a&#8221; mask_opacity=&#8221;0.8&#8243; padding=&#8221;120&#8243;][vc_column width=&#8221;1\/2&#8243;][mk_padding_divider size=&#8221;60&#8243;][mk_image src=&#8221;http:\/\/eiengakumondojo.com.br\/main\/wp-content\/uploads\/2022\/12\/logo-branco-1-e1670167467600.png&#8221; image_width=&#8221;300&#8243; image_height=&#8221;300&#8243; crop=&#8221;false&#8221; hover=&#8221;false&#8221; align=&#8221;center&#8221; group=&#8221;_general&#8221;][\/vc_column][vc_column width=&#8221;1\/2&#8243;][mk_padding_divider size=&#8221;20&#8243;][mk_padding_divider size=&#8221;140&#8243;][vc_row_inner][vc_column_inner width=&#8221;1\/6&#8243;][mk_image src=&#8221;http:\/\/eiengakumondojo.com.br\/main\/wp-content\/uploads\/2020\/08\/whatsapp.png&#8221; image_width=&#8221;40&#8243; image_height=&#8221;40&#8243; hover=&#8221;false&#8221; circular=&#8221;true&#8221;][\/vc_column_inner][vc_column_inner width=&#8221;5\/6&#8243;][mk_fancy_text color=&#8221;#4da3d6&#8243; highlight_color=&#8221;#000000&#8243; highlight_opacity=&#8221;0&#8243; font_weight=&#8221;bold&#8221; font_family=&#8221;none&#8221;](19) 99947-6175[\/mk_fancy_text][\/vc_column_inner][\/vc_row_inner][mk_padding_divider size=&#8221;10&#8243;][vc_column_text] Eien Gakumon Dojo Rua Noel Rosa, 72 &#8211; Piracicaba\/SP [\/vc_column_text][mk_padding_divider size=&#8221;20&#8243;][vc_row_inner][vc_column_inner width=&#8221;1\/4&#8243;][mk_fancy_text color=&#8221;#4da3d6&#8243; highlight_color=&#8221;#000000&#8243; [&hellip;]<\/p>\n","protected":false},"author":1,"featured_media":0,"parent":0,"menu_order":0,"comment_status":"open","ping_status":"open","template":"","meta":{"footnotes":""},"class_list":["post-22592","page","type-page","status-publish","hentry"],"_links":{"self":[{"href":"https:\/\/eiengakumondojo.com.br\/main\/wp-json\/wp\/v2\/pages\/22592","targetHints":{"allow":["GET"]}}],"collection":[{"href":"https:\/\/eiengakumondojo.com.br\/main\/wp-json\/wp\/v2\/pages"}],"about":[{"href":"https:\/\/eiengakumondojo.com.br\/main\/wp-json\/wp\/v2\/types\/page"}],"author":[{"embeddable":true,"href":"https:\/\/eiengakumondojo.com.br\/main\/wp-json\/wp\/v2\/users\/1"}],"replies":[{"embeddable":true,"href":"https:\/\/eiengakumondojo.com.br\/main\/wp-json\/wp\/v2\/comments?post=22592"}],"version-history":[{"count":11,"href":"https:\/\/eiengakumondojo.com.br\/main\/wp-json\/wp\/v2\/pages\/22592\/revisions"}],"predecessor-version":[{"id":30676,"href":"https:\/\/eiengakumondojo.com.br\/main\/wp-json\/wp\/v2\/pages\/22592\/revisions\/30676"}],"wp:attachment":[{"href":"https:\/\/eiengakumondojo.com.br\/main\/wp-json\/wp\/v2\/media?parent=22592"}],"curies":[{"name":"wp","href":"https:\/\/api.w.org\/{rel}","templated":true}]}}