{"id":22699,"date":"2017-08-10T17:00:36","date_gmt":"2017-08-10T20:00:36","guid":{"rendered":"http:\/\/eiengakumondojo.com.br\/main\/?page_id=22699"},"modified":"2025-08-03T19:15:24","modified_gmt":"2025-08-03T22:15:24","slug":"aulas","status":"publish","type":"page","link":"https:\/\/eiengakumondojo.com.br\/main\/galeria\/aulas\/","title":{"rendered":"AULAS"},"content":{"rendered":"[vc_row][vc_column][mk_padding_divider][\/vc_column][\/vc_row][vc_row][vc_column][vc_column_text]\n<div style=\"font-size: 25px; color: #4da3d6; line-height: 28px; font-weight: normal; text-align: center;\"><strong>FOTOS DE AULAS NO DOJO<\/strong><\/div>\n[\/vc_column_text][mk_padding_divider size=&#8221;15&#8243;][vc_column_text]\n<p style=\"text-align: center; font-size: 18px; color: #999999; line-height: 25px;\"><strong>Estas s\u00e3o fotos de alunos e frequentadores durante as aulas no Dojo<\/strong><\/p>\n[\/vc_column_text][mk_padding_divider size=&#8221;70&#8243;][vc_column_text]\n<p style=\"text-align: center; font-size: 15px; color: #999999; line-height: 18px;\">Clique sobre elas para ver com mais detalhes<\/p>\n[\/vc_column_text][\/vc_column][\/vc_row][vc_row][vc_column][mk_gallery images=&#8221;22700,22701,22702,22703,22704,22705,22706,22711,22712,22713,22714,22720,22721,22722&#8243; column=&#8221;3&#8243; enable_title=&#8221;false&#8221; item_id=&#8221;1506535196-59cbe71c328a5&#8243;][\/vc_column][\/vc_row][mk_page_section bg_image=&#8221;http:\/\/eiengakumondojo.com.br\/main\/wp-content\/uploads\/2014\/11\/hawaii-karatedo-header-1-e1489802685725.jpg&#8221; attachment=&#8221;fixed&#8221; bg_position=&#8221;center center&#8221; bg_stretch=&#8221;true&#8221; parallax=&#8221;true&#8221; color_mask=&#8221;#0a0a0a&#8221; mask_opacity=&#8221;0.8&#8243; padding=&#8221;120&#8243;][vc_column width=&#8221;1\/2&#8243;][mk_padding_divider size=&#8221;60&#8243;][mk_image src=&#8221;http:\/\/eiengakumondojo.com.br\/main\/wp-content\/uploads\/2022\/12\/logo-branco-1-e1670167467600.png&#8221; image_width=&#8221;300&#8243; image_height=&#8221;300&#8243; crop=&#8221;false&#8221; hover=&#8221;false&#8221; circular=&#8221;true&#8221; align=&#8221;center&#8221; group=&#8221;_general&#8221;][\/vc_column][vc_column width=&#8221;1\/2&#8243;][mk_padding_divider size=&#8221;160&#8243;][vc_row_inner][vc_column_inner width=&#8221;1\/6&#8243;][mk_image src=&#8221;http:\/\/eiengakumondojo.com.br\/main\/wp-content\/uploads\/2020\/08\/whatsapp.png&#8221; image_width=&#8221;40&#8243; image_height=&#8221;40&#8243; hover=&#8221;false&#8221; circular=&#8221;true&#8221;][\/vc_column_inner][vc_column_inner width=&#8221;5\/6&#8243;][mk_fancy_text color=&#8221;#4da3d6&#8243; highlight_color=&#8221;#000000&#8243; highlight_opacity=&#8221;0&#8243; font_weight=&#8221;bold&#8221; font_family=&#8221;none&#8221;]\n<p>(19) 99947-6175<\/p>\n[\/mk_fancy_text][\/vc_column_inner][\/vc_row_inner][mk_padding_divider size=&#8221;10&#8243;][vc_column_text]\n<div style=\"font-size: 21px; color: #4da3d6; line-height: 26px; font-weight: normal;\"><strong>Eien Gakumon Dojo<\/strong><br \/>\nRua Noel Rosa, 72 &#8211; Piracicaba\/SP<\/div>\n[\/vc_column_text][mk_padding_divider size=&#8221;20&#8243;][vc_row_inner][vc_column_inner width=&#8221;1\/4&#8243;][mk_fancy_text color=&#8221;#4da3d6&#8243; highlight_color=&#8221;#000000&#8243; highlight_opacity=&#8221;0&#8243; font_weight=&#8221;bold&#8221; font_family=&#8221;none&#8221;]Filiada \u00e0:[\/mk_fancy_text][\/vc_column_inner][vc_column_inner width=&#8221;1\/4&#8243;][mk_image src=&#8221;http:\/\/eiengakumondojo.com.br\/main\/wp-content\/uploads\/2022\/12\/Confedera\u00e7\u00e3o_Brasileira_de_Karat\u00ea.png&#8221; image_width=&#8221;60&#8243; image_height=&#8221;70&#8243; hover=&#8221;false&#8221;][\/vc_column_inner][vc_column_inner width=&#8221;1\/4&#8243;][mk_image src=&#8221;http:\/\/eiengakumondojo.com.br\/main\/wp-content\/uploads\/2022\/12\/logo-fpk-g.png&#8221; image_width=&#8221;60&#8243; image_height=&#8221;70&#8243; hover=&#8221;false&#8221;][\/vc_column_inner][vc_column_inner width=&#8221;1\/4&#8243;][mk_image src=&#8221;http:\/\/eiengakumondojo.com.br\/main\/wp-content\/uploads\/2023\/01\/matayoshi.jpg&#8221; image_width=&#8221;60&#8243; image_height=&#8221;70&#8243; hover=&#8221;false&#8221;][\/vc_column_inner][\/vc_row_inner][\/vc_column][\/mk_page_section]\n","protected":false},"excerpt":{"rendered":"<p>[vc_row][vc_column][mk_padding_divider][\/vc_column][\/vc_row][vc_row][vc_column][vc_column_text] FOTOS DE AULAS NO DOJO [\/vc_column_text][mk_padding_divider size=&#8221;15&#8243;][vc_column_text] Estas s\u00e3o fotos de alunos e frequentadores durante as aulas no Dojo [\/vc_column_text][mk_padding_divider size=&#8221;70&#8243;][vc_column_text] Clique sobre elas para ver com mais detalhes [\/vc_column_text][\/vc_column][\/vc_row][vc_row][vc_column][mk_gallery images=&#8221;22700,22701,22702,22703,22704,22705,22706,22711,22712,22713,22714,22720,22721,22722&#8243; column=&#8221;3&#8243; enable_title=&#8221;false&#8221; item_id=&#8221;1506535196-59cbe71c328a5&#8243;][\/vc_column][\/vc_row][mk_page_section bg_image=&#8221;http:\/\/eiengakumondojo.com.br\/main\/wp-content\/uploads\/2014\/11\/hawaii-karatedo-header-1-e1489802685725.jpg&#8221; attachment=&#8221;fixed&#8221; bg_position=&#8221;center center&#8221; bg_stretch=&#8221;true&#8221; parallax=&#8221;true&#8221; color_mask=&#8221;#0a0a0a&#8221; mask_opacity=&#8221;0.8&#8243; padding=&#8221;120&#8243;][vc_column width=&#8221;1\/2&#8243;][mk_padding_divider size=&#8221;60&#8243;][mk_image src=&#8221;http:\/\/eiengakumondojo.com.br\/main\/wp-content\/uploads\/2022\/12\/logo-branco-1-e1670167467600.png&#8221; image_width=&#8221;300&#8243; image_height=&#8221;300&#8243; crop=&#8221;false&#8221; hover=&#8221;false&#8221; circular=&#8221;true&#8221; align=&#8221;center&#8221; group=&#8221;_general&#8221;][\/vc_column][vc_column width=&#8221;1\/2&#8243;][mk_padding_divider [&hellip;]<\/p>\n","protected":false},"author":1,"featured_media":0,"parent":22756,"menu_order":0,"comment_status":"open","ping_status":"open","template":"","meta":{"footnotes":""},"class_list":["post-22699","page","type-page","status-publish","hentry"],"_links":{"self":[{"href":"https:\/\/eiengakumondojo.com.br\/main\/wp-json\/wp\/v2\/pages\/22699","targetHints":{"allow":["GET"]}}],"collection":[{"href":"https:\/\/eiengakumondojo.com.br\/main\/wp-json\/wp\/v2\/pages"}],"about":[{"href":"https:\/\/eiengakumondojo.com.br\/main\/wp-json\/wp\/v2\/types\/page"}],"author":[{"embeddable":true,"href":"https:\/\/eiengakumondojo.com.br\/main\/wp-json\/wp\/v2\/users\/1"}],"replies":[{"embeddable":true,"href":"https:\/\/eiengakumondojo.com.br\/main\/wp-json\/wp\/v2\/comments?post=22699"}],"version-history":[{"count":8,"href":"https:\/\/eiengakumondojo.com.br\/main\/wp-json\/wp\/v2\/pages\/22699\/revisions"}],"predecessor-version":[{"id":30678,"href":"https:\/\/eiengakumondojo.com.br\/main\/wp-json\/wp\/v2\/pages\/22699\/revisions\/30678"}],"up":[{"embeddable":true,"href":"https:\/\/eiengakumondojo.com.br\/main\/wp-json\/wp\/v2\/pages\/22756"}],"wp:attachment":[{"href":"https:\/\/eiengakumondojo.com.br\/main\/wp-json\/wp\/v2\/media?parent=22699"}],"curies":[{"name":"wp","href":"https:\/\/api.w.org\/{rel}","templated":true}]}}