{"id":22756,"date":"2017-08-10T18:09:52","date_gmt":"2017-08-10T21:09:52","guid":{"rendered":"http:\/\/eiengakumondojo.com.br\/main\/?page_id=22756"},"modified":"2025-08-04T14:52:50","modified_gmt":"2025-08-04T17:52:50","slug":"galeria","status":"publish","type":"page","link":"https:\/\/eiengakumondojo.com.br\/main\/galeria\/","title":{"rendered":"FOTOS E V\u00cdDEOS"},"content":{"rendered":"[vc_row][vc_column][mk_padding_divider size=&#8221;30&#8243;][\/vc_column][\/vc_row][vc_row][vc_column][vc_column_text]\n<div style=\"font-size: 25px; color: #4da3d6; line-height: 28px; font-weight: normal; text-align: center;\"><strong>GALERIA DE FOTOS<\/strong><\/div>\n[\/vc_column_text][mk_padding_divider size=&#8221;15&#8243;][vc_column_text]\n<p style=\"text-align: center; font-size: 18px; color: #999999; line-height: 25px;\">Clique sobre os \u00c1lbuns para ver as IMAGENS<\/p>\n[\/vc_column_text][mk_padding_divider][\/vc_column][\/vc_row][vc_row][vc_column width=&#8221;1\/3&#8243; css=&#8221;.vc_custom_1502397665530{margin-bottom: 30px !important;}&#8221;][mk_custom_box corner_radius=&#8221;2&#8243; padding_vertical=&#8221;5&#8243; padding_horizental=&#8221;5&#8243; margin_bottom=&#8221;5&#8243; min_height=&#8221;80&#8243; bg_color=&#8221;#dbdbdb&#8221; bg_stretch=&#8221;true&#8221;][mk_image src=&#8221;http:\/\/eiengakumondojo.com.br\/main\/wp-content\/uploads\/2017\/08\/Eien-Karate-01.jpg&#8221; hover=&#8221;false&#8221; custom_url=&#8221;http:\/\/eiengakumondojo.com.br\/main\/galeria\/aulas\/&#8221; target=&#8221;_blank&#8221; align=&#8221;center&#8221;][vc_column_text]\n<p style=\"text-align: center; font-size: 18px; color: #999999; line-height: 25px;\"><a href=\"http:\/\/eiengakumondojo.com.br\/main\/galeria\/aulas\/\"><strong>AULAS<\/strong><\/a><\/p>\n[\/vc_column_text][\/mk_custom_box][\/vc_column][vc_column width=&#8221;1\/3&#8243; css=&#8221;.vc_custom_1502397673203{margin-bottom: 30px !important;}&#8221;][mk_custom_box corner_radius=&#8221;2&#8243; padding_vertical=&#8221;5&#8243; padding_horizental=&#8221;5&#8243; margin_bottom=&#8221;5&#8243; bg_color=&#8221;#dbdbdb&#8221; bg_stretch=&#8221;true&#8221;][mk_image src=&#8221;http:\/\/eiengakumondojo.com.br\/main\/wp-content\/uploads\/2017\/08\/P_20161126_095205.jpg&#8221; hover=&#8221;false&#8221; custom_url=&#8221;http:\/\/eiengakumondojo.com.br\/main\/galeria-1\/exames-de-graduacao\/&#8221;][vc_column_text]\n<p style=\"text-align: center; font-size: 18px; color: #999999; line-height: 25px;\"><a href=\"http:\/\/eiengakumondojo.com.br\/main\/galeria\/exames-de-graduacao\/\"><strong>EXAMES DE GRADUA\u00c7\u00c3O<\/strong><\/a><\/p>\n[\/vc_column_text][\/mk_custom_box][\/vc_column][vc_column width=&#8221;1\/3&#8243; css=&#8221;.vc_custom_1502397680381{margin-bottom: 30px !important;}&#8221;][mk_custom_box corner_radius=&#8221;2&#8243; padding_vertical=&#8221;5&#8243; padding_horizental=&#8221;5&#8243; margin_bottom=&#8221;5&#8243; bg_color=&#8221;#dbdbdb&#8221; bg_stretch=&#8221;true&#8221;][mk_image src=&#8221;http:\/\/eiengakumondojo.com.br\/main\/wp-content\/uploads\/2017\/08\/IMG-20170812-WA0005.jpg&#8221; hover=&#8221;false&#8221; custom_url=&#8221;http:\/\/eiengakumondojo.com.br\/main\/galeria\/torneios\/&#8221;][vc_column_text]\n<p style=\"text-align: center; font-size: 18px; color: #999999; line-height: 25px;\"><a href=\"http:\/\/eiengakumondojo.com.br\/main\/galeria\/torneios\/\"><strong>TORNEIOS<\/strong><\/a><\/p>\n[\/vc_column_text][\/mk_custom_box][\/vc_column][\/vc_row][vc_row][vc_column width=&#8221;1\/3&#8243; css=&#8221;.vc_custom_1502397692873{margin-bottom: 30px !important;}&#8221;][\/vc_column][vc_column width=&#8221;1\/3&#8243; css=&#8221;.vc_custom_1502397700050{margin-bottom: 30px !important;}&#8221;][\/vc_column][vc_column width=&#8221;1\/3&#8243; css=&#8221;.vc_custom_1502397708647{margin-bottom: 30px !important;}&#8221;][\/vc_column][\/vc_row][vc_row fullwidth=&#8221;true&#8221; css=&#8221;.vc_custom_1502400802190{padding-top: 0px !important;padding-right: 0px !important;padding-bottom: 0px !important;padding-left: 0px !important;}&#8221;][vc_column][mk_padding_divider size=&#8221;70&#8243;][vc_separator color=&#8221;custom&#8221; border_width=&#8221;2&#8243; accent_color=&#8221;#6b6b6b&#8221;][mk_padding_divider size=&#8221;50&#8243;][\/vc_column][\/vc_row][vc_row][vc_column][vc_column_text]\n<div style=\"font-size: 25px; color: #4da3d6; line-height: 28px; font-weight: normal; text-align: center;\"><strong>GALERIA DE V\u00cdDEOS<\/strong><\/div>\n[\/vc_column_text][mk_padding_divider size=&#8221;15&#8243;][vc_column_text]\n<p style=\"text-align: center; font-size: 18px; color: #999999; line-height: 25px;\">Clique sobre o V\u00cdDEO que quer reproduzir<\/p>\n[\/vc_column_text][mk_padding_divider size=&#8221;50&#8243;][\/vc_column][\/vc_row][vc_row content_placement=&#8221;middle&#8221; css=&#8221;.vc_custom_1598014977058{padding-top: 0px !important;padding-right: 0px !important;padding-bottom: 0px !important;padding-left: 0px !important;}&#8221;][vc_column][mk_padding_divider][\/vc_column][\/vc_row][vc_row content_placement=&#8221;middle&#8221; css=&#8221;.vc_custom_1598014977058{padding-top: 0px !important;padding-right: 0px !important;padding-bottom: 0px !important;padding-left: 0px !important;}&#8221;][vc_column width=&#8221;1\/2&#8243;][vc_column_text]\n<p style=\"text-align: center; font-size: 18px; color: #999999; line-height: 25px;\"><strong>Katas de Karat\u00ea-do<\/strong><\/p>\n[\/vc_column_text][mk_fancy_text highlight_color=&#8221;#000000&#8243; font_family=&#8221;none&#8221;]<div class=\"epyt-gallery\" data-currpage=\"1\" id=\"epyt_gallery_18208\"><div class=\"epyt-video-wrapper\"><iframe loading=\"lazy\"  id=\"_ytid_73060\"  width=\"480\" height=\"270\"  data-origwidth=\"480\" data-origheight=\"270\" src=\"https:\/\/www.youtube.com\/embed\/xtInL7KYCQE?enablejsapi=1&autoplay=0&cc_load_policy=0&cc_lang_pref=&iv_load_policy=1&loop=0&rel=0&fs=1&playsinline=0&autohide=2&theme=dark&color=red&controls=1&disablekb=0&\" class=\"__youtube_prefs__  no-lazyload\" title=\"YouTube player\"  data-epytgalleryid=\"epyt_gallery_18208\"  allow=\"fullscreen; accelerometer; autoplay; clipboard-write; encrypted-media; gyroscope; picture-in-picture; web-share\" referrerpolicy=\"strict-origin-when-cross-origin\" allowfullscreen data-no-lazy=\"1\" data-skipgform_ajax_framebjll=\"\"><\/iframe><\/div><div class=\"epyt-gallery-subscribe\"><a target=\"_blank\" class=\"epyt-gallery-subbutton\" href=\"https:\/\/www.youtube.com\/channel\/UCM5Gdcke2AsG3AoaQMJA99A?sub_confirmation=1\"><img decoding=\"async\" alt=\"subscribe\" src=\"https:\/\/eiengakumondojo.com.br\/main\/wp-content\/plugins\/youtube-embed-plus\/images\/play-subscribe.png\" \/>Inscreva-se em nosso canal<\/a><\/div><div class=\"epyt-gallery-list\"><div class=\"epyt-pagination \"><div tabindex=\"0\" role=\"button\" class=\"epyt-pagebutton epyt-prev  hide \" data-playlistid=\"PLwrFIy5JYLWydxkh1J8yjZjkCMIzYnut4\" data-pagesize=\"15\" data-pagetoken=\"\" data-epcolumns=\"3\" data-showtitle=\"1\" data-showpaging=\"1\" data-autonext=\"0\" data-thumbplay=\"1\"><div class=\"epyt-arrow\">&laquo;<\/div> <div>Prev<\/div><\/div><div class=\"epyt-pagenumbers hide\"><div class=\"epyt-current\">1<\/div><div class=\"epyt-pageseparator\"> \/ <\/div><div class=\"epyt-totalpages\">1<\/div><\/div><div tabindex=\"0\" role=\"button\" class=\"epyt-pagebutton epyt-next hide \" data-playlistid=\"PLwrFIy5JYLWydxkh1J8yjZjkCMIzYnut4\" data-pagesize=\"15\" data-pagetoken=\"\" data-epcolumns=\"3\" data-showtitle=\"1\" data-showpaging=\"1\" data-autonext=\"0\" data-thumbplay=\"1\"><div>Next<\/div> <div class=\"epyt-arrow\">&raquo;<\/div><\/div><div class=\"epyt-loader\"><img loading=\"lazy\" decoding=\"async\" alt=\"loading\" width=\"16\" height=\"11\" src=\"https:\/\/eiengakumondojo.com.br\/main\/wp-content\/plugins\/youtube-embed-plus\/images\/gallery-page-loader.gif\"><\/div><\/div><div class=\"epyt-gallery-allthumbs  epyt-cols-3 \"><div tabindex=\"0\" role=\"button\" data-videoid=\"xtInL7KYCQE\" class=\"epyt-gallery-thumb\"><div class=\"epyt-gallery-img-box\"><div class=\"epyt-gallery-img\" style=\"background-image: url(https:\/\/i.ytimg.com\/vi\/xtInL7KYCQE\/hqdefault.jpg)\"><div class=\"epyt-gallery-playhover\"><img loading=\"lazy\" decoding=\"async\" alt=\"play\" class=\"epyt-play-img\" width=\"30\" height=\"23\" src=\"https:\/\/eiengakumondojo.com.br\/main\/wp-content\/plugins\/youtube-embed-plus\/images\/playhover.png\" data-no-lazy=\"1\" data-skipgform_ajax_framebjll=\"\" \/><div class=\"epyt-gallery-playcrutch\"><\/div><\/div><\/div><\/div><div class=\"epyt-gallery-title\">Naihanchi-Shodan<\/div><\/div><div tabindex=\"0\" role=\"button\" data-videoid=\"UNd1ZC0G_9c\" class=\"epyt-gallery-thumb\"><div class=\"epyt-gallery-img-box\"><div class=\"epyt-gallery-img\" style=\"background-image: url(https:\/\/i.ytimg.com\/vi\/UNd1ZC0G_9c\/hqdefault.jpg)\"><div class=\"epyt-gallery-playhover\"><img loading=\"lazy\" decoding=\"async\" alt=\"play\" class=\"epyt-play-img\" width=\"30\" height=\"23\" src=\"https:\/\/eiengakumondojo.com.br\/main\/wp-content\/plugins\/youtube-embed-plus\/images\/playhover.png\" data-no-lazy=\"1\" data-skipgform_ajax_framebjll=\"\" \/><div class=\"epyt-gallery-playcrutch\"><\/div><\/div><\/div><\/div><div class=\"epyt-gallery-title\">Fukyu Gata Ichi<\/div><\/div><div tabindex=\"0\" role=\"button\" data-videoid=\"u7e6joOah9w\" class=\"epyt-gallery-thumb\"><div class=\"epyt-gallery-img-box\"><div class=\"epyt-gallery-img\" style=\"background-image: url(https:\/\/i.ytimg.com\/vi\/u7e6joOah9w\/hqdefault.jpg)\"><div class=\"epyt-gallery-playhover\"><img loading=\"lazy\" decoding=\"async\" alt=\"play\" class=\"epyt-play-img\" width=\"30\" height=\"23\" src=\"https:\/\/eiengakumondojo.com.br\/main\/wp-content\/plugins\/youtube-embed-plus\/images\/playhover.png\" data-no-lazy=\"1\" data-skipgform_ajax_framebjll=\"\" \/><div class=\"epyt-gallery-playcrutch\"><\/div><\/div><\/div><\/div><div class=\"epyt-gallery-title\">Naihanchi Nidan<\/div><\/div><div class=\"epyt-gallery-rowbreak\"><\/div><div tabindex=\"0\" role=\"button\" data-videoid=\"mzCSlfEuNYM\" class=\"epyt-gallery-thumb\"><div class=\"epyt-gallery-img-box\"><div class=\"epyt-gallery-img\" style=\"background-image: url(https:\/\/i.ytimg.com\/vi\/mzCSlfEuNYM\/hqdefault.jpg)\"><div class=\"epyt-gallery-playhover\"><img loading=\"lazy\" decoding=\"async\" alt=\"play\" class=\"epyt-play-img\" width=\"30\" height=\"23\" src=\"https:\/\/eiengakumondojo.com.br\/main\/wp-content\/plugins\/youtube-embed-plus\/images\/playhover.png\" data-no-lazy=\"1\" data-skipgform_ajax_framebjll=\"\" \/><div class=\"epyt-gallery-playcrutch\"><\/div><\/div><\/div><\/div><div class=\"epyt-gallery-title\">Naihanchi Sandan<\/div><\/div><div tabindex=\"0\" role=\"button\" data-videoid=\"qUsa29oE8nY\" class=\"epyt-gallery-thumb\"><div class=\"epyt-gallery-img-box\"><div class=\"epyt-gallery-img\" style=\"background-image: url(https:\/\/i.ytimg.com\/vi\/qUsa29oE8nY\/hqdefault.jpg)\"><div class=\"epyt-gallery-playhover\"><img loading=\"lazy\" decoding=\"async\" alt=\"play\" class=\"epyt-play-img\" width=\"30\" height=\"23\" src=\"https:\/\/eiengakumondojo.com.br\/main\/wp-content\/plugins\/youtube-embed-plus\/images\/playhover.png\" data-no-lazy=\"1\" data-skipgform_ajax_framebjll=\"\" \/><div class=\"epyt-gallery-playcrutch\"><\/div><\/div><\/div><\/div><div class=\"epyt-gallery-title\">Fukyu Gata Ni<\/div><\/div><div tabindex=\"0\" role=\"button\" data-videoid=\"GMVvBa60ymc\" class=\"epyt-gallery-thumb\"><div class=\"epyt-gallery-img-box\"><div class=\"epyt-gallery-img\" style=\"background-image: url(https:\/\/i.ytimg.com\/vi\/GMVvBa60ymc\/hqdefault.jpg)\"><div class=\"epyt-gallery-playhover\"><img loading=\"lazy\" decoding=\"async\" alt=\"play\" class=\"epyt-play-img\" width=\"30\" height=\"23\" src=\"https:\/\/eiengakumondojo.com.br\/main\/wp-content\/plugins\/youtube-embed-plus\/images\/playhover.png\" data-no-lazy=\"1\" data-skipgform_ajax_framebjll=\"\" \/><div class=\"epyt-gallery-playcrutch\"><\/div><\/div><\/div><\/div><div class=\"epyt-gallery-title\">Pinan Shodan<\/div><\/div><div class=\"epyt-gallery-rowbreak\"><\/div><div tabindex=\"0\" role=\"button\" data-videoid=\"goznwmqHXcQ\" class=\"epyt-gallery-thumb\"><div class=\"epyt-gallery-img-box\"><div class=\"epyt-gallery-img\" style=\"background-image: url(https:\/\/i.ytimg.com\/vi\/goznwmqHXcQ\/hqdefault.jpg)\"><div class=\"epyt-gallery-playhover\"><img loading=\"lazy\" decoding=\"async\" alt=\"play\" class=\"epyt-play-img\" width=\"30\" height=\"23\" src=\"https:\/\/eiengakumondojo.com.br\/main\/wp-content\/plugins\/youtube-embed-plus\/images\/playhover.png\" data-no-lazy=\"1\" data-skipgform_ajax_framebjll=\"\" \/><div class=\"epyt-gallery-playcrutch\"><\/div><\/div><\/div><\/div><div class=\"epyt-gallery-title\">Pinan Nidan<\/div><\/div><div class=\"epyt-gallery-clear\"><\/div><\/div><div class=\"epyt-pagination \"><div tabindex=\"0\" role=\"button\" class=\"epyt-pagebutton epyt-prev  hide \" data-playlistid=\"PLwrFIy5JYLWydxkh1J8yjZjkCMIzYnut4\" data-pagesize=\"15\" data-pagetoken=\"\" data-epcolumns=\"3\" data-showtitle=\"1\" data-showpaging=\"1\" data-autonext=\"0\" data-thumbplay=\"1\"><div class=\"epyt-arrow\">&laquo;<\/div> <div>Prev<\/div><\/div><div class=\"epyt-pagenumbers hide\"><div class=\"epyt-current\">1<\/div><div class=\"epyt-pageseparator\"> \/ <\/div><div class=\"epyt-totalpages\">1<\/div><\/div><div tabindex=\"0\" role=\"button\" class=\"epyt-pagebutton epyt-next hide \" data-playlistid=\"PLwrFIy5JYLWydxkh1J8yjZjkCMIzYnut4\" data-pagesize=\"15\" data-pagetoken=\"\" data-epcolumns=\"3\" data-showtitle=\"1\" data-showpaging=\"1\" data-autonext=\"0\" data-thumbplay=\"1\"><div>Next<\/div> <div class=\"epyt-arrow\">&raquo;<\/div><\/div><div class=\"epyt-loader\"><img loading=\"lazy\" decoding=\"async\" alt=\"loading\" width=\"16\" height=\"11\" src=\"https:\/\/eiengakumondojo.com.br\/main\/wp-content\/plugins\/youtube-embed-plus\/images\/gallery-page-loader.gif\"><\/div><\/div><\/div><\/div>[\/mk_fancy_text][\/vc_column][vc_column width=&#8221;1\/2&#8243;][vc_column_text]\n<p style=\"text-align: center; font-size: 18px; color: #999999; line-height: 25px;\"><strong>Katas de Kobudo<\/strong><\/p>\n[\/vc_column_text][\/vc_column][\/vc_row][vc_row css=&#8221;.vc_custom_1502398830602{padding-top: 0px !important;padding-right: 0px !important;padding-bottom: 0px !important;padding-left: 0px !important;}&#8221;][vc_column][mk_padding_divider][\/vc_column][\/vc_row][mk_page_section bg_image=&#8221;http:\/\/eiengakumondojo.com.br\/main\/wp-content\/uploads\/2014\/11\/hawaii-karatedo-header-1-e1489802685725.jpg&#8221; attachment=&#8221;fixed&#8221; bg_position=&#8221;center center&#8221; bg_stretch=&#8221;true&#8221; parallax=&#8221;true&#8221; color_mask=&#8221;#0a0a0a&#8221; mask_opacity=&#8221;0.8&#8243; padding=&#8221;120&#8243;][vc_column width=&#8221;1\/2&#8243;][mk_padding_divider size=&#8221;60&#8243;][mk_image src=&#8221;http:\/\/eiengakumondojo.com.br\/main\/wp-content\/uploads\/2022\/12\/logo-branco-1-e1670167467600.png&#8221; image_width=&#8221;300&#8243; image_height=&#8221;300&#8243; crop=&#8221;false&#8221; hover=&#8221;false&#8221; circular=&#8221;true&#8221; align=&#8221;center&#8221; group=&#8221;_general&#8221;][\/vc_column][vc_column width=&#8221;1\/2&#8243;][mk_padding_divider size=&#8221;160&#8243;][vc_row_inner][vc_column_inner width=&#8221;1\/6&#8243;][mk_image src=&#8221;http:\/\/eiengakumondojo.com.br\/main\/wp-content\/uploads\/2020\/08\/whatsapp.png&#8221; image_width=&#8221;40&#8243; image_height=&#8221;40&#8243; hover=&#8221;false&#8221; circular=&#8221;true&#8221;][\/vc_column_inner][vc_column_inner width=&#8221;5\/6&#8243;][mk_fancy_text color=&#8221;#4da3d6&#8243; highlight_color=&#8221;#000000&#8243; highlight_opacity=&#8221;0&#8243; font_weight=&#8221;bold&#8221; font_family=&#8221;none&#8221;]\n<p>(19) 99947-6175<\/p>\n[\/mk_fancy_text][\/vc_column_inner][\/vc_row_inner][mk_padding_divider size=&#8221;10&#8243;][vc_column_text]\n<div style=\"font-size: 21px; color: #4da3d6; line-height: 26px; font-weight: normal;\"><strong>Eien Gakumon Dojo<\/strong><br \/>\nRua Noel Rosa, 72 &#8211; Piracicaba\/SP<\/div>\n[\/vc_column_text][mk_padding_divider size=&#8221;20&#8243;][vc_row_inner][vc_column_inner width=&#8221;1\/4&#8243;][mk_fancy_text color=&#8221;#4da3d6&#8243; highlight_color=&#8221;#000000&#8243; highlight_opacity=&#8221;0&#8243; font_weight=&#8221;bold&#8221; font_family=&#8221;none&#8221;]Filiada \u00e0:[\/mk_fancy_text][\/vc_column_inner][vc_column_inner width=&#8221;1\/4&#8243;][mk_image src=&#8221;http:\/\/eiengakumondojo.com.br\/main\/wp-content\/uploads\/2022\/12\/Confedera\u00e7\u00e3o_Brasileira_de_Karat\u00ea.png&#8221; image_width=&#8221;60&#8243; image_height=&#8221;70&#8243; hover=&#8221;false&#8221;][\/vc_column_inner][vc_column_inner width=&#8221;1\/4&#8243;][mk_image src=&#8221;http:\/\/eiengakumondojo.com.br\/main\/wp-content\/uploads\/2022\/12\/logo-fpk-g.png&#8221; image_width=&#8221;60&#8243; image_height=&#8221;70&#8243; hover=&#8221;false&#8221;][\/vc_column_inner][vc_column_inner width=&#8221;1\/4&#8243;][mk_image src=&#8221;http:\/\/eiengakumondojo.com.br\/main\/wp-content\/uploads\/2023\/01\/matayoshi.jpg&#8221; image_width=&#8221;60&#8243; image_height=&#8221;70&#8243; hover=&#8221;false&#8221;][\/vc_column_inner][\/vc_row_inner][\/vc_column][\/mk_page_section]\n","protected":false},"excerpt":{"rendered":"<p>[vc_row][vc_column][mk_padding_divider size=&#8221;30&#8243;][\/vc_column][\/vc_row][vc_row][vc_column][vc_column_text] GALERIA DE FOTOS [\/vc_column_text][mk_padding_divider size=&#8221;15&#8243;][vc_column_text] Clique sobre os \u00c1lbuns para ver as IMAGENS [\/vc_column_text][mk_padding_divider][\/vc_column][\/vc_row][vc_row][vc_column width=&#8221;1\/3&#8243; css=&#8221;.vc_custom_1502397665530{margin-bottom: 30px !important;}&#8221;][mk_custom_box corner_radius=&#8221;2&#8243; padding_vertical=&#8221;5&#8243; padding_horizental=&#8221;5&#8243; margin_bottom=&#8221;5&#8243; min_height=&#8221;80&#8243; bg_color=&#8221;#dbdbdb&#8221; bg_stretch=&#8221;true&#8221;][mk_image src=&#8221;http:\/\/eiengakumondojo.com.br\/main\/wp-content\/uploads\/2017\/08\/Eien-Karate-01.jpg&#8221; hover=&#8221;false&#8221; custom_url=&#8221;http:\/\/eiengakumondojo.com.br\/main\/galeria\/aulas\/&#8221; target=&#8221;_blank&#8221; align=&#8221;center&#8221;][vc_column_text] AULAS [\/vc_column_text][\/mk_custom_box][\/vc_column][vc_column width=&#8221;1\/3&#8243; css=&#8221;.vc_custom_1502397673203{margin-bottom: 30px !important;}&#8221;][mk_custom_box corner_radius=&#8221;2&#8243; padding_vertical=&#8221;5&#8243; padding_horizental=&#8221;5&#8243; margin_bottom=&#8221;5&#8243; bg_color=&#8221;#dbdbdb&#8221; bg_stretch=&#8221;true&#8221;][mk_image src=&#8221;http:\/\/eiengakumondojo.com.br\/main\/wp-content\/uploads\/2017\/08\/P_20161126_095205.jpg&#8221; hover=&#8221;false&#8221; custom_url=&#8221;http:\/\/eiengakumondojo.com.br\/main\/galeria-1\/exames-de-graduacao\/&#8221;][vc_column_text] EXAMES DE GRADUA\u00c7\u00c3O [\/vc_column_text][\/mk_custom_box][\/vc_column][vc_column width=&#8221;1\/3&#8243; css=&#8221;.vc_custom_1502397680381{margin-bottom: 30px !important;}&#8221;][mk_custom_box [&hellip;]<\/p>\n","protected":false},"author":1,"featured_media":0,"parent":0,"menu_order":0,"comment_status":"open","ping_status":"open","template":"","meta":{"footnotes":""},"class_list":["post-22756","page","type-page","status-publish","hentry"],"_links":{"self":[{"href":"https:\/\/eiengakumondojo.com.br\/main\/wp-json\/wp\/v2\/pages\/22756","targetHints":{"allow":["GET"]}}],"collection":[{"href":"https:\/\/eiengakumondojo.com.br\/main\/wp-json\/wp\/v2\/pages"}],"about":[{"href":"https:\/\/eiengakumondojo.com.br\/main\/wp-json\/wp\/v2\/types\/page"}],"author":[{"embeddable":true,"href":"https:\/\/eiengakumondojo.com.br\/main\/wp-json\/wp\/v2\/users\/1"}],"replies":[{"embeddable":true,"href":"https:\/\/eiengakumondojo.com.br\/main\/wp-json\/wp\/v2\/comments?post=22756"}],"version-history":[{"count":32,"href":"https:\/\/eiengakumondojo.com.br\/main\/wp-json\/wp\/v2\/pages\/22756\/revisions"}],"predecessor-version":[{"id":30701,"href":"https:\/\/eiengakumondojo.com.br\/main\/wp-json\/wp\/v2\/pages\/22756\/revisions\/30701"}],"wp:attachment":[{"href":"https:\/\/eiengakumondojo.com.br\/main\/wp-json\/wp\/v2\/media?parent=22756"}],"curies":[{"name":"wp","href":"https:\/\/api.w.org\/{rel}","templated":true}]}}