{"id":22910,"date":"2017-09-28T14:39:12","date_gmt":"2017-09-28T17:39:12","guid":{"rendered":"http:\/\/eiengakumondojo.com.br\/main\/?page_id=22910"},"modified":"2025-08-04T13:20:53","modified_gmt":"2025-08-04T16:20:53","slug":"torneios","status":"publish","type":"page","link":"https:\/\/eiengakumondojo.com.br\/main\/galeria\/torneios\/","title":{"rendered":"TORNEIOS"},"content":{"rendered":"[vc_row][vc_column][mk_padding_divider size=&#8221;30&#8243;][\/vc_column][\/vc_row][vc_row][vc_column][vc_column_text]\n<div style=\"font-size: 25px; color: #4da3d6; line-height: 28px; font-weight: normal; text-align: center;\"><b>GALERIA DE FOTOS DE TORNEIOS<\/b><\/div>\n[\/vc_column_text][mk_padding_divider size=&#8221;15&#8243;][vc_column_text]\n<p style=\"text-align: center; font-size: 18px; color: #999999; line-height: 25px;\">Clique sobre os \u00c1lbuns para ver as IMAGENS<\/p>\n[\/vc_column_text][mk_padding_divider][\/vc_column][\/vc_row][vc_row][vc_column width=&#8221;1\/3&#8243; css=&#8221;.vc_custom_1502397665530{margin-bottom: 30px !important;}&#8221;][mk_custom_box corner_radius=&#8221;2&#8243; padding_vertical=&#8221;5&#8243; padding_horizental=&#8221;5&#8243; margin_bottom=&#8221;5&#8243; min_height=&#8221;80&#8243; bg_color=&#8221;#dbdbdb&#8221; bg_stretch=&#8221;true&#8221;][mk_image src=&#8221;http:\/\/eiengakumondojo.com.br\/main\/wp-content\/uploads\/2017\/09\/P_20170606_205554.jpg&#8221; hover=&#8221;false&#8221; custom_url=&#8221;http:\/\/eiengakumondojo.com.br\/main\/galeria\/torneios\/xii-mundialito-iuskf-montevideour-2017\/&#8221; target=&#8221;_blank&#8221; align=&#8221;center&#8221;][vc_column_text]\n<p style=\"text-align: center; font-size: 18px; color: #999999; line-height: 25px;\"><a href=\"http:\/\/eiengakumondojo.com.br\/main\/galeria\/torneios\/xii-mundialito-iuskf-montevideour-2017\/\"><strong>XII MUNDIALITO IUSKF &#8211; MONTEVIDEO\/UR\/2017<\/strong><\/a><\/p>\n[\/vc_column_text][\/mk_custom_box][\/vc_column][vc_column width=&#8221;1\/3&#8243; css=&#8221;.vc_custom_1502397673203{margin-bottom: 30px !important;}&#8221;][mk_custom_box corner_radius=&#8221;2&#8243; padding_vertical=&#8221;5&#8243; padding_horizental=&#8221;5&#8243; margin_bottom=&#8221;5&#8243; min_height=&#8221;80&#8243; bg_color=&#8221;#dbdbdb&#8221; bg_stretch=&#8221;true&#8221;][mk_image src=&#8221;http:\/\/eiengakumondojo.com.br\/main\/wp-content\/uploads\/2017\/08\/IMG-20170812-WA0005.jpg&#8221; hover=&#8221;false&#8221; custom_url=&#8221;http:\/\/eiengakumondojo.com.br\/main\/galeria\/torneios\/torneio-mestre-matsumura-cotiasp-2017\/&#8221; target=&#8221;_blank&#8221; align=&#8221;center&#8221;][vc_column_text]\n<p style=\"text-align: center; font-size: 18px; color: #999999; line-height: 25px;\"><a href=\"http:\/\/eiengakumondojo.com.br\/main\/galeria\/torneios\/torneio-mestre-matsumura-cotiasp-2017\/\"><strong>TORNEIO MESTRE MATSUMURA &#8211; COTIA\/2017<\/strong><\/a><\/p>\n[\/vc_column_text][\/mk_custom_box][\/vc_column][vc_column width=&#8221;1\/3&#8243; css=&#8221;.vc_custom_1502397680381{margin-bottom: 30px !important;}&#8221;][mk_custom_box corner_radius=&#8221;2&#8243; padding_vertical=&#8221;5&#8243; padding_horizental=&#8221;5&#8243; margin_bottom=&#8221;5&#8243; bg_color=&#8221;#dbdbdb&#8221; bg_stretch=&#8221;true&#8221;][mk_image src=&#8221;http:\/\/eiengakumondojo.com.br\/main\/wp-content\/uploads\/2017\/09\/IMG-20170916-WA0005.jpg&#8221; hover=&#8221;false&#8221; custom_url=&#8221;http:\/\/eiengakumondojo.com.br\/main\/galeria-1\/fotos-de-dentro-do-dojo\/&#8221;][vc_column_text]\n<p style=\"text-align: center; font-size: 18px; color: #999999; line-height: 25px;\"><a href=\"http:\/\/eiengakumondojo.com.br\/main\/galeria\/exames-de-graduacao\/\"><strong>9o OKINAWA SHORIN CUP &#8211; SANTOS\/2017<\/strong><\/a><\/p>\n[\/vc_column_text][\/mk_custom_box][\/vc_column][\/vc_row][vc_row][vc_column width=&#8221;1\/3&#8243; css=&#8221;.vc_custom_1502397692873{margin-bottom: 30px !important;}&#8221;][mk_custom_box corner_radius=&#8221;2&#8243; padding_vertical=&#8221;5&#8243; padding_horizental=&#8221;5&#8243; margin_bottom=&#8221;5&#8243; bg_color=&#8221;#dbdbdb&#8221; bg_stretch=&#8221;true&#8221;][mk_image src=&#8221;http:\/\/eiengakumondojo.com.br\/main\/wp-content\/uploads\/2017\/09\/Crist\u00f3v\u00e3o.png&#8221; hover=&#8221;false&#8221; custom_url=&#8221;http:\/\/eiengakumondojo.com.br\/main\/galeria-1\/fotos-de-dentro-do-dojo\/&#8221;][vc_column_text]\n<p style=\"text-align: center; font-size: 18px; color: #999999; line-height: 25px;\"><a href=\"http:\/\/eiengakumondojo.com.br\/main\/galeria\/exames-de-graduacao\/\"><strong>X TORNEIO C.C.R.C.C. &#8211; PIRACICABA\/2017<\/strong><\/a><\/p>\n[\/vc_column_text][\/mk_custom_box][\/vc_column][vc_column width=&#8221;1\/3&#8243; css=&#8221;.vc_custom_1502397700050{margin-bottom: 30px !important;}&#8221;][mk_custom_box corner_radius=&#8221;2&#8243; padding_vertical=&#8221;5&#8243; padding_horizental=&#8221;5&#8243; margin_bottom=&#8221;5&#8243; bg_color=&#8221;#dbdbdb&#8221; bg_stretch=&#8221;true&#8221;][mk_image src=&#8221;http:\/\/eiengakumondojo.com.br\/main\/wp-content\/uploads\/2017\/10\/IMG-20170930-WA0043.jpg&#8221; hover=&#8221;false&#8221; custom_url=&#8221;http:\/\/eiengakumondojo.com.br\/main\/galeria-1\/fotos-de-dentro-do-dojo\/&#8221;][vc_column_text]\n<p style=\"text-align: center; font-size: 18px; color: #999999; line-height: 25px;\"><a href=\"http:\/\/eiengakumondojo.com.br\/main\/galeria\/TORNEIOS\/torneio-mestre-tokuda-piracicabasp-2017\"><strong>TORNEIO MESTRE TOKUDA &#8211; PIRACICABA\/2017<\/strong><\/a><\/p>\n[\/vc_column_text][\/mk_custom_box][\/vc_column][vc_column width=&#8221;1\/3&#8243; css=&#8221;.vc_custom_1502397708647{margin-bottom: 30px !important;}&#8221;][\/vc_column][\/vc_row][vc_row fullwidth=&#8221;true&#8221; css=&#8221;.vc_custom_1502400802190{padding-top: 0px !important;padding-right: 0px !important;padding-bottom: 0px !important;padding-left: 0px !important;}&#8221;][vc_column][mk_padding_divider size=&#8221;50&#8243;][\/vc_column][\/vc_row][mk_page_section bg_image=&#8221;http:\/\/eiengakumondojo.com.br\/main\/wp-content\/uploads\/2014\/11\/hawaii-karatedo-header-1-e1489802685725.jpg&#8221; attachment=&#8221;fixed&#8221; bg_position=&#8221;center center&#8221; bg_stretch=&#8221;true&#8221; parallax=&#8221;true&#8221; color_mask=&#8221;#0a0a0a&#8221; mask_opacity=&#8221;0.8&#8243; padding=&#8221;120&#8243;][vc_column width=&#8221;1\/2&#8243;][mk_padding_divider size=&#8221;60&#8243;][mk_image src=&#8221;http:\/\/eiengakumondojo.com.br\/main\/wp-content\/uploads\/2022\/12\/logo-branco-1-e1670167467600.png&#8221; image_width=&#8221;300&#8243; image_height=&#8221;300&#8243; crop=&#8221;false&#8221; hover=&#8221;false&#8221; circular=&#8221;true&#8221; align=&#8221;center&#8221; group=&#8221;_general&#8221;][\/vc_column][vc_column width=&#8221;1\/2&#8243;][mk_padding_divider size=&#8221;160&#8243;][vc_row_inner][vc_column_inner width=&#8221;1\/6&#8243;][mk_image src=&#8221;http:\/\/eiengakumondojo.com.br\/main\/wp-content\/uploads\/2020\/08\/whatsapp.png&#8221; image_width=&#8221;40&#8243; image_height=&#8221;40&#8243; hover=&#8221;false&#8221; circular=&#8221;true&#8221;][\/vc_column_inner][vc_column_inner width=&#8221;5\/6&#8243;][mk_fancy_text color=&#8221;#4da3d6&#8243; highlight_color=&#8221;#000000&#8243; highlight_opacity=&#8221;0&#8243; font_weight=&#8221;bold&#8221; font_family=&#8221;none&#8221;]\n<p>(19) 99947-6175<\/p>\n[\/mk_fancy_text][\/vc_column_inner][\/vc_row_inner][mk_padding_divider size=&#8221;10&#8243;][vc_column_text]\n<div style=\"font-size: 21px; color: #4da3d6; line-height: 26px; font-weight: normal;\"><strong>Eien Gakumon Dojo<\/strong><br \/>\nRua Noel Rosa, 72 &#8211; Piracicaba\/SP<\/div>\n[\/vc_column_text][mk_padding_divider size=&#8221;20&#8243;][vc_row_inner][vc_column_inner width=&#8221;1\/4&#8243;][mk_fancy_text color=&#8221;#4da3d6&#8243; highlight_color=&#8221;#000000&#8243; highlight_opacity=&#8221;0&#8243; font_weight=&#8221;bold&#8221; font_family=&#8221;none&#8221;]Filiada \u00e0:[\/mk_fancy_text][\/vc_column_inner][vc_column_inner width=&#8221;1\/4&#8243;][mk_image src=&#8221;http:\/\/eiengakumondojo.com.br\/main\/wp-content\/uploads\/2022\/12\/Confedera\u00e7\u00e3o_Brasileira_de_Karat\u00ea.png&#8221; image_width=&#8221;60&#8243; image_height=&#8221;70&#8243; hover=&#8221;false&#8221;][\/vc_column_inner][vc_column_inner width=&#8221;1\/4&#8243;][mk_image src=&#8221;http:\/\/eiengakumondojo.com.br\/main\/wp-content\/uploads\/2022\/12\/logo-fpk-g.png&#8221; image_width=&#8221;60&#8243; image_height=&#8221;70&#8243; hover=&#8221;false&#8221;][\/vc_column_inner][vc_column_inner width=&#8221;1\/4&#8243;][mk_image src=&#8221;http:\/\/eiengakumondojo.com.br\/main\/wp-content\/uploads\/2023\/01\/matayoshi.jpg&#8221; image_width=&#8221;60&#8243; image_height=&#8221;70&#8243; hover=&#8221;false&#8221;][\/vc_column_inner][\/vc_row_inner][\/vc_column][\/mk_page_section]\n","protected":false},"excerpt":{"rendered":"<p>[vc_row][vc_column][mk_padding_divider size=&#8221;30&#8243;][\/vc_column][\/vc_row][vc_row][vc_column][vc_column_text] GALERIA DE FOTOS DE TORNEIOS [\/vc_column_text][mk_padding_divider size=&#8221;15&#8243;][vc_column_text] Clique sobre os \u00c1lbuns para ver as IMAGENS [\/vc_column_text][mk_padding_divider][\/vc_column][\/vc_row][vc_row][vc_column width=&#8221;1\/3&#8243; css=&#8221;.vc_custom_1502397665530{margin-bottom: 30px !important;}&#8221;][mk_custom_box corner_radius=&#8221;2&#8243; padding_vertical=&#8221;5&#8243; padding_horizental=&#8221;5&#8243; margin_bottom=&#8221;5&#8243; min_height=&#8221;80&#8243; bg_color=&#8221;#dbdbdb&#8221; bg_stretch=&#8221;true&#8221;][mk_image src=&#8221;http:\/\/eiengakumondojo.com.br\/main\/wp-content\/uploads\/2017\/09\/P_20170606_205554.jpg&#8221; hover=&#8221;false&#8221; custom_url=&#8221;http:\/\/eiengakumondojo.com.br\/main\/galeria\/torneios\/xii-mundialito-iuskf-montevideour-2017\/&#8221; target=&#8221;_blank&#8221; align=&#8221;center&#8221;][vc_column_text] XII MUNDIALITO IUSKF &#8211; MONTEVIDEO\/UR\/2017 [\/vc_column_text][\/mk_custom_box][\/vc_column][vc_column width=&#8221;1\/3&#8243; css=&#8221;.vc_custom_1502397673203{margin-bottom: 30px !important;}&#8221;][mk_custom_box corner_radius=&#8221;2&#8243; padding_vertical=&#8221;5&#8243; padding_horizental=&#8221;5&#8243; margin_bottom=&#8221;5&#8243; min_height=&#8221;80&#8243; bg_color=&#8221;#dbdbdb&#8221; bg_stretch=&#8221;true&#8221;][mk_image src=&#8221;http:\/\/eiengakumondojo.com.br\/main\/wp-content\/uploads\/2017\/08\/IMG-20170812-WA0005.jpg&#8221; hover=&#8221;false&#8221; custom_url=&#8221;http:\/\/eiengakumondojo.com.br\/main\/galeria\/torneios\/torneio-mestre-matsumura-cotiasp-2017\/&#8221; target=&#8221;_blank&#8221; [&hellip;]<\/p>\n","protected":false},"author":1,"featured_media":0,"parent":22756,"menu_order":2,"comment_status":"open","ping_status":"open","template":"","meta":{"footnotes":""},"class_list":["post-22910","page","type-page","status-publish","hentry"],"_links":{"self":[{"href":"https:\/\/eiengakumondojo.com.br\/main\/wp-json\/wp\/v2\/pages\/22910","targetHints":{"allow":["GET"]}}],"collection":[{"href":"https:\/\/eiengakumondojo.com.br\/main\/wp-json\/wp\/v2\/pages"}],"about":[{"href":"https:\/\/eiengakumondojo.com.br\/main\/wp-json\/wp\/v2\/types\/page"}],"author":[{"embeddable":true,"href":"https:\/\/eiengakumondojo.com.br\/main\/wp-json\/wp\/v2\/users\/1"}],"replies":[{"embeddable":true,"href":"https:\/\/eiengakumondojo.com.br\/main\/wp-json\/wp\/v2\/comments?post=22910"}],"version-history":[{"count":13,"href":"https:\/\/eiengakumondojo.com.br\/main\/wp-json\/wp\/v2\/pages\/22910\/revisions"}],"predecessor-version":[{"id":30690,"href":"https:\/\/eiengakumondojo.com.br\/main\/wp-json\/wp\/v2\/pages\/22910\/revisions\/30690"}],"up":[{"embeddable":true,"href":"https:\/\/eiengakumondojo.com.br\/main\/wp-json\/wp\/v2\/pages\/22756"}],"wp:attachment":[{"href":"https:\/\/eiengakumondojo.com.br\/main\/wp-json\/wp\/v2\/media?parent=22910"}],"curies":[{"name":"wp","href":"https:\/\/api.w.org\/{rel}","templated":true}]}}